{"id":8712,"date":"2019-07-03T07:37:42","date_gmt":"2019-07-03T07:37:42","guid":{"rendered":"https:\/\/property-dubai.com\/?page_id=8712"},"modified":"2024-10-17T22:12:25","modified_gmt":"2024-10-17T22:12:25","slug":"transfert-de-devises-etrangeres-pour-achat-de-biens-immobiliers-etrangers-a-dubai","status":"publish","type":"page","link":"https:\/\/property-dubai.com\/fr\/transfert-de-devises-etrangeres-pour-achat-de-biens-immobiliers-etrangers-a-dubai\/","title":{"rendered":"Taux de change de devises"},"content":{"rendered":"\t\t<div data-elementor-type=\"wp-post\" data-elementor-id=\"8712\" class=\"elementor elementor-8712 elementor-6088\" data-elementor-post-type=\"page\">\n\t\t\t\t\t\t<section class=\"elementor-section elementor-top-section elementor-element elementor-element-4212eb0 elementor-section-boxed elementor-section-height-default elementor-section-height-default jltma-glass-effect-no\" data-id=\"4212eb0\" data-element_type=\"section\" data-e-type=\"section\" data-settings=\"{&quot;background_background&quot;:&quot;classic&quot;}\">\n\t\t\t\t\t\t<div class=\"elementor-container elementor-column-gap-default\">\n\t\t\t\t\t<div class=\"elementor-column elementor-col-100 elementor-top-column elementor-element elementor-element-1cd1826 jltma-glass-effect-no\" data-id=\"1cd1826\" data-element_type=\"column\" data-e-type=\"column\">\n\t\t\t<div class=\"elementor-widget-wrap elementor-element-populated\">\n\t\t\t\t\t\t<div class=\"elementor-element elementor-element-5cbfbfd jltma-glass-effect-no elementor-widget elementor-widget-heading\" data-id=\"5cbfbfd\" data-element_type=\"widget\" data-e-type=\"widget\" data-widget_type=\"heading.default\">\n\t\t\t\t<div class=\"elementor-widget-container\">\n\t\t\t\t\t<h2 class=\"elementor-heading-title elementor-size-default\">Simple, rapide et aux meilleures conditions - Notre taux de change des devises<\/h2>\t\t\t\t<\/div>\n\t\t\t\t<\/div>\n\t\t\t\t\t<\/div>\n\t\t<\/div>\n\t\t\t\t\t<\/div>\n\t\t<\/section>\n\t\t\t\t<section class=\"elementor-section elementor-top-section elementor-element elementor-element-35f62d1 elementor-section-content-middle elementor-section-boxed elementor-section-height-default elementor-section-height-default jltma-glass-effect-no\" data-id=\"35f62d1\" data-element_type=\"section\" data-e-type=\"section\" data-settings=\"{&quot;background_background&quot;:&quot;classic&quot;}\">\n\t\t\t\t\t\t<div class=\"elementor-container elementor-column-gap-default\">\n\t\t\t\t\t<div class=\"elementor-column elementor-col-66 elementor-top-column elementor-element elementor-element-f7b5af6 jltma-glass-effect-no\" data-id=\"f7b5af6\" data-element_type=\"column\" data-e-type=\"column\">\n\t\t\t<div class=\"elementor-widget-wrap elementor-element-populated\">\n\t\t\t\t\t\t<div class=\"elementor-element elementor-element-189bc9b jltma-glass-effect-no elementor-widget elementor-widget-text-editor\" data-id=\"189bc9b\" data-element_type=\"widget\" data-e-type=\"widget\" data-widget_type=\"text-editor.default\">\n\t\t\t\t<div class=\"elementor-widget-container\">\n\t\t\t\t\t\t\t\t\t<p>L&rsquo;achat ou la vente d&rsquo;un bien immobilier \u00e0 l&rsquo;\u00e9tranger implique souvent le transfert d&rsquo;importantes sommes d&rsquo;argent en dehors des fronti\u00e8res nationales ainsi que la conversion de ces sommes.<\/p>\n<p>Votre banque locale pr\u00e9l\u00e8ve une commission sur les op\u00e9rations de change, qui s&rsquo;\u00e9l\u00e8ve souvent \u00e0 4 % du montant du change. Le transfert international du montant \u00e9chang\u00e9 entra\u00eene g\u00e9n\u00e9ralement des co\u00fbts et des frais suppl\u00e9mentaires.<\/p>\n<p>Par l&rsquo;interm\u00e9diaire de notre partenaire supervis\u00e9 par la l&rsquo;administration fiscale anglaise, nous pouvons vous proposer des transferts d&rsquo;argent internationaux sans frais ni commissions.<\/p>\n<p>De plus, cet avantage vous donne acc\u00e8s aux meilleurs taux de change disponibles pour les consommateurs, ce qui vous permet g\u00e9n\u00e9ralement d&rsquo;\u00e9conomiser 1,5 % du montant transf\u00e9r\u00e9 et plus.<\/p>\n<div class=\"listVoc_icon\" style=\"display: none;\"><img decoding=\"async\" class=\"tran_btn btnSearch\" style=\"margin: 0 -2px;\" src=\"chrome-extension:\/\/degdjdhdlmnkeccfcpepfobgpjaphbee\/icon\/icon.png\" \/> <img decoding=\"async\" class=\"tran_1_btn btnTran\" style=\"margin: 0px -1px; display: none;\" src=\"chrome-extension:\/\/degdjdhdlmnkeccfcpepfobgpjaphbee\/icon\/icon_1.png\" data-btnlevel=\"1\" \/> <img decoding=\"async\" class=\"tran_2_btn btnTran\" style=\"margin: 0px -1px; display: none;\" src=\"chrome-extension:\/\/degdjdhdlmnkeccfcpepfobgpjaphbee\/icon\/icon_2.png\" data-btnlevel=\"2\" \/> <img decoding=\"async\" class=\"tran_3_btn btnTran\" style=\"margin: 0px -1px; display: none;\" src=\"chrome-extension:\/\/degdjdhdlmnkeccfcpepfobgpjaphbee\/icon\/icon_3.png\" data-btnlevel=\"3\" \/> <img decoding=\"async\" class=\"tran_4_btn btnTran\" style=\"margin: 0px -1px; display: none;\" src=\"chrome-extension:\/\/degdjdhdlmnkeccfcpepfobgpjaphbee\/icon\/icon_4.png\" data-btnlevel=\"4\" \/><\/p>\n<div class=\"tran_div\" style=\"display: none;\" data-audioautoplay=\"true\">\n<div id=\"to_text\" class=\"well well-sm\"><button class=\"trans-showSentence\">\ud83d\udcac<\/button><\/p>\n<p class=\"sentence\">\n<div id=\"word-sentences\"><\/div>\n<p id=\"translit\" class=\"label label-default\">\n<div id=\"dict\"><\/div>\n<\/div>\n<\/div>\n<\/div>\n\t\t\t\t\t\t\t\t<\/div>\n\t\t\t\t<\/div>\n\t\t\t\t\t<\/div>\n\t\t<\/div>\n\t\t\t\t<div class=\"elementor-column elementor-col-33 elementor-top-column elementor-element elementor-element-f5c5803 jltma-glass-effect-no\" data-id=\"f5c5803\" data-element_type=\"column\" data-e-type=\"column\">\n\t\t\t<div class=\"elementor-widget-wrap elementor-element-populated\">\n\t\t\t\t\t\t<div class=\"elementor-element elementor-element-f3aeb03 jltma-glass-effect-no elementor-invisible elementor-widget elementor-widget-image\" data-id=\"f3aeb03\" data-element_type=\"widget\" data-e-type=\"widget\" data-settings=\"{&quot;_animation&quot;:&quot;fadeInRight&quot;,&quot;_animation_delay&quot;:0}\" data-widget_type=\"image.default\">\n\t\t\t\t<div class=\"elementor-widget-container\">\n\t\t\t\t\t\t\t\t\t\t\t\t\t\t\t<img fetchpriority=\"high\" decoding=\"async\" width=\"738\" height=\"672\" src=\"https:\/\/property-dubai.com\/wp-content\/uploads\/2019\/07\/percentageblue.png\" class=\"attachment-large size-large wp-image-8718\" alt=\"\" srcset=\"https:\/\/property-dubai.com\/wp-content\/uploads\/2019\/07\/percentageblue.png 1000w, https:\/\/property-dubai.com\/wp-content\/uploads\/2019\/07\/percentageblue-300x273.png 300w, https:\/\/property-dubai.com\/wp-content\/uploads\/2019\/07\/percentageblue-768x699.png 768w, https:\/\/property-dubai.com\/wp-content\/uploads\/2019\/07\/percentageblue-610x555.png 610w, https:\/\/property-dubai.com\/wp-content\/uploads\/2019\/07\/percentageblue-150x137.png 150w\" sizes=\"(max-width: 738px) 100vw, 738px\" \/>\t\t\t\t\t\t\t\t\t\t\t\t\t\t\t<\/div>\n\t\t\t\t<\/div>\n\t\t\t\t\t<\/div>\n\t\t<\/div>\n\t\t\t\t\t<\/div>\n\t\t<\/section>\n\t\t\t\t<section class=\"elementor-section elementor-top-section elementor-element elementor-element-e129012 elementor-section-boxed elementor-section-height-default elementor-section-height-default jltma-glass-effect-no\" data-id=\"e129012\" data-element_type=\"section\" data-e-type=\"section\" data-settings=\"{&quot;background_background&quot;:&quot;classic&quot;}\">\n\t\t\t\t\t\t<div class=\"elementor-container elementor-column-gap-default\">\n\t\t\t\t\t<div class=\"elementor-column elementor-col-100 elementor-top-column elementor-element elementor-element-8506710 jltma-glass-effect-no\" data-id=\"8506710\" data-element_type=\"column\" data-e-type=\"column\">\n\t\t\t<div class=\"elementor-widget-wrap elementor-element-populated\">\n\t\t\t\t\t\t<div class=\"elementor-element elementor-element-6d2b44c jltma-glass-effect-no elementor-widget elementor-widget-heading\" data-id=\"6d2b44c\" data-element_type=\"widget\" data-e-type=\"widget\" data-widget_type=\"heading.default\">\n\t\t\t\t<div class=\"elementor-widget-container\">\n\t\t\t\t\t<h2 class=\"elementor-heading-title elementor-size-default\">Notre formule vous offre :<\/h2>\t\t\t\t<\/div>\n\t\t\t\t<\/div>\n\t\t\t\t\t<\/div>\n\t\t<\/div>\n\t\t\t\t\t<\/div>\n\t\t<\/section>\n\t\t\t\t<section class=\"elementor-section elementor-top-section elementor-element elementor-element-caf9068 elementor-section-content-top elementor-section-boxed elementor-section-height-default elementor-section-height-default jltma-glass-effect-no\" data-id=\"caf9068\" data-element_type=\"section\" data-e-type=\"section\" data-settings=\"{&quot;background_background&quot;:&quot;classic&quot;}\">\n\t\t\t\t\t\t<div class=\"elementor-container elementor-column-gap-default\">\n\t\t\t\t\t<div class=\"elementor-column elementor-col-33 elementor-top-column elementor-element elementor-element-74458f6 jltma-glass-effect-no\" data-id=\"74458f6\" data-element_type=\"column\" data-e-type=\"column\">\n\t\t\t<div class=\"elementor-widget-wrap elementor-element-populated\">\n\t\t\t\t\t\t<div class=\"elementor-element elementor-element-949fbd4 jltma-glass-effect-no elementor-invisible elementor-widget elementor-widget-image\" data-id=\"949fbd4\" data-element_type=\"widget\" data-e-type=\"widget\" data-settings=\"{&quot;_animation&quot;:&quot;fadeInLeft&quot;,&quot;_animation_delay&quot;:0}\" data-widget_type=\"image.default\">\n\t\t\t\t<div class=\"elementor-widget-container\">\n\t\t\t\t\t\t\t\t\t\t\t\t\t\t\t<img decoding=\"async\" width=\"500\" height=\"759\" src=\"https:\/\/property-dubai.com\/wp-content\/uploads\/2019\/07\/currency-right.png\" class=\"attachment-large size-large wp-image-8721\" alt=\"\" srcset=\"https:\/\/property-dubai.com\/wp-content\/uploads\/2019\/07\/currency-right.png 500w, https:\/\/property-dubai.com\/wp-content\/uploads\/2019\/07\/currency-right-198x300.png 198w, https:\/\/property-dubai.com\/wp-content\/uploads\/2019\/07\/currency-right-99x150.png 99w\" sizes=\"(max-width: 500px) 100vw, 500px\" \/>\t\t\t\t\t\t\t\t\t\t\t\t\t\t\t<\/div>\n\t\t\t\t<\/div>\n\t\t\t\t\t<\/div>\n\t\t<\/div>\n\t\t\t\t<div class=\"elementor-column elementor-col-66 elementor-top-column elementor-element elementor-element-f7fc2c5 jltma-glass-effect-no\" data-id=\"f7fc2c5\" data-element_type=\"column\" data-e-type=\"column\">\n\t\t\t<div class=\"elementor-widget-wrap elementor-element-populated\">\n\t\t\t\t\t\t<div class=\"elementor-element elementor-element-042ac67 jltma-glass-effect-no elementor-widget elementor-widget-text-editor\" data-id=\"042ac67\" data-element_type=\"widget\" data-e-type=\"widget\" data-widget_type=\"text-editor.default\">\n\t\t\t\t<div class=\"elementor-widget-container\">\n\t\t\t\t\t\t\t\t\t<ul><li>Des \u00e9conomies consid\u00e9rables pouvant atteindre 2 % du montant de la transaction par rapport \u00e0 votre banque habituelle<\/li><li>Pas de commission, pas de frais de transfert, pas de frais de dossier.<\/li><li>Convient aussi bien aux paiements ponctuels qu&rsquo;aux paiements continus (par exemple, le remboursement du loyer mensuel per\u00e7u)<\/li><li>Ex\u00e9cution possible des ordres \u00e0 dur\u00e9e limit\u00e9e (ex\u00e9cution lorsque le taux de change atteint un certain niveau)<\/li><li>Contrats \u00e0 terme (\u00ab\u00a0Forwards\u00a0\u00bb) disponibles pour couvrir des taux de change attractifs pour de futures op\u00e9rations de paiement<\/li><li>Partenaire actif sur le plan international, agr\u00e9\u00e9 et supervis\u00e9 par l&rsquo;Autorit\u00e9 anglaise des services financiers.<\/li><\/ul><div class=\"listVoc_icon\" style=\"display: none;\"><p><img decoding=\"async\" class=\"tran_btn btnSearch\" style=\"margin: 0 -2px;\" src=\"chrome-extension:\/\/degdjdhdlmnkeccfcpepfobgpjaphbee\/icon\/icon.png\" \/> <img decoding=\"async\" class=\"tran_1_btn btnTran\" style=\"margin: 0px -1px; display: none;\" src=\"chrome-extension:\/\/degdjdhdlmnkeccfcpepfobgpjaphbee\/icon\/icon_1.png\" data-btnlevel=\"1\" \/> <img decoding=\"async\" class=\"tran_2_btn btnTran\" style=\"margin: 0px -1px; display: none;\" src=\"chrome-extension:\/\/degdjdhdlmnkeccfcpepfobgpjaphbee\/icon\/icon_2.png\" data-btnlevel=\"2\" \/> <img decoding=\"async\" class=\"tran_3_btn btnTran\" style=\"margin: 0px -1px; display: none;\" src=\"chrome-extension:\/\/degdjdhdlmnkeccfcpepfobgpjaphbee\/icon\/icon_3.png\" data-btnlevel=\"3\" \/> <img decoding=\"async\" class=\"tran_4_btn btnTran\" style=\"margin: 0px -1px; display: none;\" src=\"chrome-extension:\/\/degdjdhdlmnkeccfcpepfobgpjaphbee\/icon\/icon_4.png\" data-btnlevel=\"4\" \/><\/p><div class=\"tran_div\" style=\"display: none;\" data-audioautoplay=\"true\"><div id=\"to_text\" class=\"well well-sm\"><p><button class=\"trans-showSentence\">\ud83d\udcac<\/button><\/p><div id=\"word-sentences\">\u00a0<\/div><div id=\"dict\">\u00a0<\/div><\/div><\/div><\/div>\t\t\t\t\t\t\t\t<\/div>\n\t\t\t\t<\/div>\n\t\t\t\t<div class=\"elementor-element elementor-element-5672cc1 jltma-glass-effect-no elementor-widget elementor-widget-text-editor\" data-id=\"5672cc1\" data-element_type=\"widget\" data-e-type=\"widget\" data-widget_type=\"text-editor.default\">\n\t\t\t\t<div class=\"elementor-widget-container\">\n\t\t\t\t\t\t\t\t\t<p>\u00c9conomisez de l&rsquo;argent sur votre virement bancaire \u00e0 l&rsquo;\u00e9tranger &#8211; nous vous assurons les meilleures conditions de change.<\/p>\n<div class=\"listVoc_icon\" style=\"display: none;\"><img decoding=\"async\" class=\"tran_btn btnSearch\" style=\"margin: 0 -2px;\" src=\"chrome-extension:\/\/degdjdhdlmnkeccfcpepfobgpjaphbee\/icon\/icon.png\" \/> <img decoding=\"async\" class=\"tran_1_btn btnTran\" style=\"margin: 0px -1px; display: none;\" src=\"chrome-extension:\/\/degdjdhdlmnkeccfcpepfobgpjaphbee\/icon\/icon_1.png\" data-btnlevel=\"1\" \/> <img decoding=\"async\" class=\"tran_2_btn btnTran\" style=\"margin: 0px -1px; display: none;\" src=\"chrome-extension:\/\/degdjdhdlmnkeccfcpepfobgpjaphbee\/icon\/icon_2.png\" data-btnlevel=\"2\" \/> <img decoding=\"async\" class=\"tran_3_btn btnTran\" style=\"margin: 0px -1px; display: none;\" src=\"chrome-extension:\/\/degdjdhdlmnkeccfcpepfobgpjaphbee\/icon\/icon_3.png\" data-btnlevel=\"3\" \/> <img decoding=\"async\" class=\"tran_4_btn btnTran\" style=\"margin: 0px -1px; display: none;\" src=\"chrome-extension:\/\/degdjdhdlmnkeccfcpepfobgpjaphbee\/icon\/icon_4.png\" data-btnlevel=\"4\" \/><\/p>\n<div class=\"tran_div\" style=\"display: none;\" data-audioautoplay=\"true\">\n<div id=\"to_text\" class=\"well well-sm\"><button class=\"trans-showSentence\">\ud83d\udcac<\/button><\/p>\n<p class=\"sentence\">\n<div id=\"word-sentences\"><\/div>\n<p id=\"translit\" class=\"label label-default\">\n<div id=\"dict\"><\/div>\n<\/div>\n<\/div>\n<\/div>\n\t\t\t\t\t\t\t\t<\/div>\n\t\t\t\t<\/div>\n\t\t\t\t<div class=\"elementor-element elementor-element-e6ef7cc elementor-align-center jltma-glass-effect-no elementor-widget elementor-widget-button\" data-id=\"e6ef7cc\" data-element_type=\"widget\" data-e-type=\"widget\" data-widget_type=\"button.default\">\n\t\t\t\t<div class=\"elementor-widget-container\">\n\t\t\t\t\t\t\t\t\t<div class=\"elementor-button-wrapper\">\n\t\t\t\t\t<a class=\"elementor-button elementor-button-link elementor-size-lg\" href=\"https:\/\/property-dubai.com\/fr\/dubai-achat-investissement-biens-immobiliers-contact\/\">\n\t\t\t\t\t\t<span class=\"elementor-button-content-wrapper\">\n\t\t\t\t\t\t\t\t\t<span class=\"elementor-button-text\">Contactez-nous<\/span>\n\t\t\t\t\t<\/span>\n\t\t\t\t\t<\/a>\n\t\t\t\t<\/div>\n\t\t\t\t\t\t\t\t<\/div>\n\t\t\t\t<\/div>\n\t\t\t\t\t<\/div>\n\t\t<\/div>\n\t\t\t\t\t<\/div>\n\t\t<\/section>\n\t\t\t\t<section class=\"elementor-section elementor-top-section elementor-element elementor-element-8967e6f elementor-section-boxed elementor-section-height-default elementor-section-height-default jltma-glass-effect-no\" data-id=\"8967e6f\" data-element_type=\"section\" data-e-type=\"section\">\n\t\t\t\t\t\t<div class=\"elementor-container elementor-column-gap-default\">\n\t\t\t\t\t<div class=\"elementor-column elementor-col-100 elementor-top-column elementor-element elementor-element-cd486af jltma-glass-effect-no\" data-id=\"cd486af\" data-element_type=\"column\" data-e-type=\"column\">\n\t\t\t<div class=\"elementor-widget-wrap\">\n\t\t\t\t\t\t\t<\/div>\n\t\t<\/div>\n\t\t\t\t\t<\/div>\n\t\t<\/section>\n\t\t\t\t<\/div>\n\t\t","protected":false},"excerpt":{"rendered":"<p>Simple, rapide et aux meilleures conditions &#8211; Notre taux de change des devises L&rsquo;achat ou la vente d&rsquo;un bien immobilier \u00e0 l&rsquo;\u00e9tranger implique souvent le transfert d&rsquo;importantes sommes d&rsquo;argent en dehors des fronti\u00e8res nationales ainsi que la conversion de ces sommes. Votre banque locale pr\u00e9l\u00e8ve une commission sur les op\u00e9rations de change, qui s&rsquo;\u00e9l\u00e8ve souvent&#8230;<\/p>\n","protected":false},"author":5,"featured_media":0,"parent":0,"menu_order":0,"comment_status":"closed","ping_status":"closed","template":"","meta":{"_acf_changed":false,"footnotes":""},"class_list":["post-8712","page","type-page","status-publish","hentry"],"acf":[],"_links":{"self":[{"href":"https:\/\/property-dubai.com\/fr\/wp-json\/wp\/v2\/pages\/8712","targetHints":{"allow":["GET"]}}],"collection":[{"href":"https:\/\/property-dubai.com\/fr\/wp-json\/wp\/v2\/pages"}],"about":[{"href":"https:\/\/property-dubai.com\/fr\/wp-json\/wp\/v2\/types\/page"}],"author":[{"embeddable":true,"href":"https:\/\/property-dubai.com\/fr\/wp-json\/wp\/v2\/users\/5"}],"replies":[{"embeddable":true,"href":"https:\/\/property-dubai.com\/fr\/wp-json\/wp\/v2\/comments?post=8712"}],"version-history":[{"count":5,"href":"https:\/\/property-dubai.com\/fr\/wp-json\/wp\/v2\/pages\/8712\/revisions"}],"predecessor-version":[{"id":38626,"href":"https:\/\/property-dubai.com\/fr\/wp-json\/wp\/v2\/pages\/8712\/revisions\/38626"}],"wp:attachment":[{"href":"https:\/\/property-dubai.com\/fr\/wp-json\/wp\/v2\/media?parent=8712"}],"curies":[{"name":"wp","href":"https:\/\/api.w.org\/{rel}","templated":true}]}}