{"id":8704,"date":"2019-07-03T08:11:03","date_gmt":"2019-07-03T08:11:03","guid":{"rendered":"https:\/\/property-dubai.com\/?page_id=8704"},"modified":"2024-10-17T21:45:16","modified_gmt":"2024-10-17T21:45:16","slug":"financement-immobilier-dubai","status":"publish","type":"page","link":"https:\/\/property-dubai.com\/fr\/financement-immobilier-dubai\/","title":{"rendered":"Financement de l\u00b4immobilier \u00e0 Duba\u00ef"},"content":{"rendered":"\t\t<div data-elementor-type=\"wp-post\" data-elementor-id=\"8704\" class=\"elementor elementor-8704 elementor-6099\" data-elementor-post-type=\"page\">\n\t\t\t\t\t\t<section class=\"elementor-section elementor-top-section elementor-element elementor-element-4212eb0 elementor-section-boxed elementor-section-height-default elementor-section-height-default jltma-glass-effect-no\" data-id=\"4212eb0\" data-element_type=\"section\" data-e-type=\"section\" data-settings=\"{&quot;background_background&quot;:&quot;classic&quot;}\">\n\t\t\t\t\t\t<div class=\"elementor-container elementor-column-gap-default\">\n\t\t\t\t\t<div class=\"elementor-column elementor-col-100 elementor-top-column elementor-element elementor-element-1cd1826 jltma-glass-effect-no\" data-id=\"1cd1826\" data-element_type=\"column\" data-e-type=\"column\">\n\t\t\t<div class=\"elementor-widget-wrap elementor-element-populated\">\n\t\t\t\t\t\t<div class=\"elementor-element elementor-element-5cbfbfd jltma-glass-effect-no elementor-widget elementor-widget-heading\" data-id=\"5cbfbfd\" data-element_type=\"widget\" data-e-type=\"widget\" data-widget_type=\"heading.default\">\n\t\t\t\t<div class=\"elementor-widget-container\">\n\t\t\t\t\t<h2 class=\"elementor-heading-title elementor-size-default\">Financement de votre propri\u00e9t\u00e9 \u00e0 Duba\u00ef<br> Pas de frais et les meilleurs taux d'int\u00e9r\u00eat<\/h2>\t\t\t\t<\/div>\n\t\t\t\t<\/div>\n\t\t\t\t\t<\/div>\n\t\t<\/div>\n\t\t\t\t\t<\/div>\n\t\t<\/section>\n\t\t\t\t<section class=\"elementor-section elementor-top-section elementor-element elementor-element-50bc08d elementor-section-boxed elementor-section-height-default elementor-section-height-default jltma-glass-effect-no\" data-id=\"50bc08d\" data-element_type=\"section\" data-e-type=\"section\">\n\t\t\t\t\t\t<div class=\"elementor-container elementor-column-gap-default\">\n\t\t\t\t\t<div class=\"elementor-column elementor-col-100 elementor-top-column elementor-element elementor-element-fc1079a jltma-glass-effect-no\" data-id=\"fc1079a\" data-element_type=\"column\" data-e-type=\"column\">\n\t\t\t<div class=\"elementor-widget-wrap elementor-element-populated\">\n\t\t\t\t\t\t<div class=\"elementor-element elementor-element-0317a95 jltma-glass-effect-no elementor-widget elementor-widget-text-editor\" data-id=\"0317a95\" data-element_type=\"widget\" data-e-type=\"widget\" data-widget_type=\"text-editor.default\">\n\t\t\t\t<div class=\"elementor-widget-container\">\n\t\t\t\t\t\t\t\t\tDes conseils ind\u00e9pendants, l&rsquo;exp\u00e9rience et un r\u00e9seau pr\u00e9cieux des meilleurs partenaires bancaires sont d&rsquo;une importance d\u00e9cisive lorsqu&rsquo;il s&rsquo;agit de mettre en place le plan de financement de votre propri\u00e9t\u00e9.\t\t\t\t\t\t\t\t<\/div>\n\t\t\t\t<\/div>\n\t\t\t\t\t<\/div>\n\t\t<\/div>\n\t\t\t\t\t<\/div>\n\t\t<\/section>\n\t\t\t\t<section class=\"elementor-section elementor-top-section elementor-element elementor-element-35f62d1 elementor-section-content-middle elementor-section-boxed elementor-section-height-default elementor-section-height-default jltma-glass-effect-no\" data-id=\"35f62d1\" data-element_type=\"section\" data-e-type=\"section\" data-settings=\"{&quot;background_background&quot;:&quot;classic&quot;}\">\n\t\t\t\t\t\t<div class=\"elementor-container elementor-column-gap-default\">\n\t\t\t\t\t<div class=\"elementor-column elementor-col-50 elementor-top-column elementor-element elementor-element-f7b5af6 jltma-glass-effect-no\" data-id=\"f7b5af6\" data-element_type=\"column\" data-e-type=\"column\">\n\t\t\t<div class=\"elementor-widget-wrap elementor-element-populated\">\n\t\t\t\t\t\t<div class=\"elementor-element elementor-element-4d8e7a3 jltma-glass-effect-no elementor-widget elementor-widget-text-editor\" data-id=\"4d8e7a3\" data-element_type=\"widget\" data-e-type=\"widget\" data-widget_type=\"text-editor.default\">\n\t\t\t\t<div class=\"elementor-widget-container\">\n\t\t\t\t\t\t\t\t\tNous vous le garantissons :\t\t\t\t\t\t\t\t<\/div>\n\t\t\t\t<\/div>\n\t\t\t\t<div class=\"elementor-element elementor-element-b91b35b jltma-glass-effect-no elementor-widget elementor-widget-text-editor\" data-id=\"b91b35b\" data-element_type=\"widget\" data-e-type=\"widget\" data-widget_type=\"text-editor.default\">\n\t\t\t\t<div class=\"elementor-widget-container\">\n\t\t\t\t\t\t\t\t\t<ul><li>Les meilleurs taux d&rsquo;int\u00e9r\u00eat \u00e0 Duba\u00ef<\/li><li>Un service personnalis\u00e9 et un engagement total dans votre projet de financement<\/li><li>Pas de co\u00fbts, frais ou commissions cach\u00e9s<\/li><li>Des solutions sur mesure pour le financement, le refinancement, le financement \u00e9tranger et le d\u00e9blocage de fonds propres.<\/li><\/ul>\t\t\t\t\t\t\t\t<\/div>\n\t\t\t\t<\/div>\n\t\t\t\t<div class=\"elementor-element elementor-element-c20925c jltma-glass-effect-no elementor-widget elementor-widget-text-editor\" data-id=\"c20925c\" data-element_type=\"widget\" data-e-type=\"widget\" data-widget_type=\"text-editor.default\">\n\t\t\t\t<div class=\"elementor-widget-container\">\n\t\t\t\t\t\t\t\t\t<p>Pour en savoir plus sur le financement de l&rsquo;immobilier \u00e0 Duba\u00ef, cliquez <a href=\"https:\/\/property-dubai.com\/de\/faqs\/\">ici<\/a> ou obtenez des conseils gratuits de nos experts.<\/p>\t\t\t\t\t\t\t\t<\/div>\n\t\t\t\t<\/div>\n\t\t\t\t<div class=\"elementor-element elementor-element-b19a719 elementor-align-center jltma-glass-effect-no elementor-widget elementor-widget-button\" data-id=\"b19a719\" data-element_type=\"widget\" data-e-type=\"widget\" data-widget_type=\"button.default\">\n\t\t\t\t<div class=\"elementor-widget-container\">\n\t\t\t\t\t\t\t\t\t<div class=\"elementor-button-wrapper\">\n\t\t\t\t\t<a class=\"elementor-button elementor-button-link elementor-size-lg\" href=\"https:\/\/property-dubai.com\/fr\/dubai-achat-investissement-biens-immobiliers-contact\/\">\n\t\t\t\t\t\t<span class=\"elementor-button-content-wrapper\">\n\t\t\t\t\t\t\t\t\t<span class=\"elementor-button-text\">Demande de renseignements ici<\/span>\n\t\t\t\t\t<\/span>\n\t\t\t\t\t<\/a>\n\t\t\t\t<\/div>\n\t\t\t\t\t\t\t\t<\/div>\n\t\t\t\t<\/div>\n\t\t\t\t\t<\/div>\n\t\t<\/div>\n\t\t\t\t<div class=\"elementor-column elementor-col-50 elementor-top-column elementor-element elementor-element-f5c5803 jltma-glass-effect-no\" data-id=\"f5c5803\" data-element_type=\"column\" data-e-type=\"column\">\n\t\t\t<div class=\"elementor-widget-wrap elementor-element-populated\">\n\t\t\t\t\t\t<div class=\"elementor-element elementor-element-f3aeb03 jltma-glass-effect-no elementor-invisible elementor-widget elementor-widget-image\" data-id=\"f3aeb03\" data-element_type=\"widget\" data-e-type=\"widget\" data-settings=\"{&quot;_animation&quot;:&quot;fadeInRight&quot;,&quot;_animation_delay&quot;:0}\" data-widget_type=\"image.default\">\n\t\t\t\t<div class=\"elementor-widget-container\">\n\t\t\t\t\t\t\t\t\t\t\t\t\t\t\t<img fetchpriority=\"high\" decoding=\"async\" width=\"738\" height=\"554\" src=\"https:\/\/property-dubai.com\/wp-content\/uploads\/2019\/07\/finance.png\" class=\"attachment-large size-large wp-image-8708\" alt=\"Financement immobilier \u00e0 Duba\u00ef\" srcset=\"https:\/\/property-dubai.com\/wp-content\/uploads\/2019\/07\/finance.png 1000w, https:\/\/property-dubai.com\/wp-content\/uploads\/2019\/07\/finance-300x225.png 300w, https:\/\/property-dubai.com\/wp-content\/uploads\/2019\/07\/finance-768x576.png 768w, https:\/\/property-dubai.com\/wp-content\/uploads\/2019\/07\/finance-610x458.png 610w, https:\/\/property-dubai.com\/wp-content\/uploads\/2019\/07\/finance-150x113.png 150w, https:\/\/property-dubai.com\/wp-content\/uploads\/2019\/07\/finance-680x510.png 680w, https:\/\/property-dubai.com\/wp-content\/uploads\/2019\/07\/finance-400x300.png 400w\" sizes=\"(max-width: 738px) 100vw, 738px\" \/>\t\t\t\t\t\t\t\t\t\t\t\t\t\t\t<\/div>\n\t\t\t\t<\/div>\n\t\t\t\t\t<\/div>\n\t\t<\/div>\n\t\t\t\t\t<\/div>\n\t\t<\/section>\n\t\t\t\t<\/div>\n\t\t","protected":false},"excerpt":{"rendered":"<p>Financement de votre propri\u00e9t\u00e9 \u00e0 Duba\u00ef Pas de frais et les meilleurs taux d&rsquo;int\u00e9r\u00eat Des conseils ind\u00e9pendants, l&rsquo;exp\u00e9rience et un r\u00e9seau pr\u00e9cieux des meilleurs partenaires bancaires sont d&rsquo;une importance d\u00e9cisive lorsqu&rsquo;il s&rsquo;agit de mettre en place le plan de financement de votre propri\u00e9t\u00e9.Nous vous le garantissons : Les meilleurs taux d&rsquo;int\u00e9r\u00eat \u00e0 Duba\u00ef Un service&#8230;<\/p>\n","protected":false},"author":5,"featured_media":0,"parent":0,"menu_order":0,"comment_status":"closed","ping_status":"closed","template":"","meta":{"_acf_changed":false,"footnotes":""},"class_list":["post-8704","page","type-page","status-publish","hentry"],"acf":[],"_links":{"self":[{"href":"https:\/\/property-dubai.com\/fr\/wp-json\/wp\/v2\/pages\/8704","targetHints":{"allow":["GET"]}}],"collection":[{"href":"https:\/\/property-dubai.com\/fr\/wp-json\/wp\/v2\/pages"}],"about":[{"href":"https:\/\/property-dubai.com\/fr\/wp-json\/wp\/v2\/types\/page"}],"author":[{"embeddable":true,"href":"https:\/\/property-dubai.com\/fr\/wp-json\/wp\/v2\/users\/5"}],"replies":[{"embeddable":true,"href":"https:\/\/property-dubai.com\/fr\/wp-json\/wp\/v2\/comments?post=8704"}],"version-history":[{"count":3,"href":"https:\/\/property-dubai.com\/fr\/wp-json\/wp\/v2\/pages\/8704\/revisions"}],"predecessor-version":[{"id":38602,"href":"https:\/\/property-dubai.com\/fr\/wp-json\/wp\/v2\/pages\/8704\/revisions\/38602"}],"wp:attachment":[{"href":"https:\/\/property-dubai.com\/fr\/wp-json\/wp\/v2\/media?parent=8704"}],"curies":[{"name":"wp","href":"https:\/\/api.w.org\/{rel}","templated":true}]}}