{"id":25339,"date":"2022-03-25T03:07:24","date_gmt":"2022-03-25T03:07:24","guid":{"rendered":"https:\/\/property-dubai.com\/service-fiduciaire\/"},"modified":"2024-10-17T21:48:12","modified_gmt":"2024-10-17T21:48:12","slug":"service-fiduciaire","status":"publish","type":"page","link":"https:\/\/property-dubai.com\/fr\/service-fiduciaire\/","title":{"rendered":"Service fiduciaire"},"content":{"rendered":"\t\t<div data-elementor-type=\"wp-post\" data-elementor-id=\"25339\" class=\"elementor elementor-25339 elementor-24115\" data-elementor-post-type=\"page\">\n\t\t\t\t\t\t<section class=\"elementor-section elementor-top-section elementor-element elementor-element-c80fe2e elementor-section-boxed elementor-section-height-default elementor-section-height-default jltma-glass-effect-no\" data-id=\"c80fe2e\" data-element_type=\"section\" data-e-type=\"section\" data-settings=\"{&quot;background_background&quot;:&quot;classic&quot;}\">\n\t\t\t\t\t\t<div class=\"elementor-container elementor-column-gap-default\">\n\t\t\t\t\t<div class=\"elementor-column elementor-col-100 elementor-top-column elementor-element elementor-element-549ba79 jltma-glass-effect-no\" data-id=\"549ba79\" data-element_type=\"column\" data-e-type=\"column\">\n\t\t\t<div class=\"elementor-widget-wrap elementor-element-populated\">\n\t\t\t\t\t\t<div class=\"elementor-element elementor-element-5ae925a jltma-glass-effect-no elementor-widget elementor-widget-heading\" data-id=\"5ae925a\" data-element_type=\"widget\" data-e-type=\"widget\" data-widget_type=\"heading.default\">\n\t\t\t\t<div class=\"elementor-widget-container\">\n\t\t\t\t\t<h2 class=\"elementor-heading-title elementor-size-default\">Service fiduciaire<\/h2>\t\t\t\t<\/div>\n\t\t\t\t<\/div>\n\t\t\t\t\t<\/div>\n\t\t<\/div>\n\t\t\t\t\t<\/div>\n\t\t<\/section>\n\t\t\t\t<section class=\"elementor-section elementor-top-section elementor-element elementor-element-89e2b63 elementor-section-content-middle elementor-section-boxed elementor-section-height-default elementor-section-height-default jltma-glass-effect-no\" data-id=\"89e2b63\" data-element_type=\"section\" data-e-type=\"section\" data-settings=\"{&quot;background_background&quot;:&quot;classic&quot;}\">\n\t\t\t\t\t\t<div class=\"elementor-container elementor-column-gap-default\">\n\t\t\t\t\t<div class=\"elementor-column elementor-col-66 elementor-top-column elementor-element elementor-element-7a8d487 jltma-glass-effect-no\" data-id=\"7a8d487\" data-element_type=\"column\" data-e-type=\"column\">\n\t\t\t<div class=\"elementor-widget-wrap elementor-element-populated\">\n\t\t\t\t\t\t<div class=\"elementor-element elementor-element-e6afaa0 jltma-glass-effect-no elementor-widget elementor-widget-text-editor\" data-id=\"e6afaa0\" data-element_type=\"widget\" data-e-type=\"widget\" data-widget_type=\"text-editor.default\">\n\t\t\t\t<div class=\"elementor-widget-container\">\n\t\t\t\t\t\t\t\t\t<p>\n            <span style=\"font-weight: 400;\">Le Dubai Land Department exige que le paiement du prix d&rsquo;achat d&rsquo;un bien immobilier soit effectu\u00e9 au moyen d&rsquo;un ch\u00e8que de banque \u00e9mis par une banque \u00e9mirienne. Si vous souhaitez acheter votre bien avant de disposer d&rsquo;un compte bancaire aux EAU, notre service de s\u00e9questre vous sera indispensable pour pouvoir transf\u00e9rer le titre de propri\u00e9t\u00e9 \u00e0 votre nom. <\/span>\n          <\/p>\n\t\t\t\t\t\t\t\t<\/div>\n\t\t\t\t<\/div>\n\t\t\t\t\t<\/div>\n\t\t<\/div>\n\t\t\t\t<div class=\"elementor-column elementor-col-33 elementor-top-column elementor-element elementor-element-a5a2e5d jltma-glass-effect-no\" data-id=\"a5a2e5d\" data-element_type=\"column\" data-e-type=\"column\">\n\t\t\t<div class=\"elementor-widget-wrap elementor-element-populated\">\n\t\t\t\t\t\t<div class=\"elementor-element elementor-element-afedc05 jltma-glass-effect-no elementor-invisible elementor-widget elementor-widget-image\" data-id=\"afedc05\" data-element_type=\"widget\" data-e-type=\"widget\" data-settings=\"{&quot;_animation&quot;:&quot;fadeInRight&quot;,&quot;_animation_delay&quot;:0}\" data-widget_type=\"image.default\">\n\t\t\t\t<div class=\"elementor-widget-container\">\n\t\t\t\t\t\t\t\t\t\t\t\t\t\t\t<img fetchpriority=\"high\" decoding=\"async\" width=\"828\" height=\"551\" src=\"https:\/\/property-dubai.com\/wp-content\/uploads\/2024\/10\/network-banner-learn-internet-male-light_1418-519-1024x682.webp\" class=\"attachment-large size-large wp-image-38458\" alt=\"\" srcset=\"https:\/\/property-dubai.com\/wp-content\/uploads\/2024\/10\/network-banner-learn-internet-male-light_1418-519-1024x682.webp 1024w, https:\/\/property-dubai.com\/wp-content\/uploads\/2024\/10\/network-banner-learn-internet-male-light_1418-519-300x200.webp 300w, https:\/\/property-dubai.com\/wp-content\/uploads\/2024\/10\/network-banner-learn-internet-male-light_1418-519-768x512.webp 768w, https:\/\/property-dubai.com\/wp-content\/uploads\/2024\/10\/network-banner-learn-internet-male-light_1418-519-1536x1024.webp 1536w, https:\/\/property-dubai.com\/wp-content\/uploads\/2024\/10\/network-banner-learn-internet-male-light_1418-519-610x407.webp 610w, https:\/\/property-dubai.com\/wp-content\/uploads\/2024\/10\/network-banner-learn-internet-male-light_1418-519-150x100.webp 150w, https:\/\/property-dubai.com\/wp-content\/uploads\/2024\/10\/network-banner-learn-internet-male-light_1418-519-488x326.webp 488w, https:\/\/property-dubai.com\/wp-content\/uploads\/2024\/10\/network-banner-learn-internet-male-light_1418-519.webp 2000w\" sizes=\"(max-width: 828px) 100vw, 828px\" \/>\t\t\t\t\t\t\t\t\t\t\t\t\t\t\t<\/div>\n\t\t\t\t<\/div>\n\t\t\t\t\t<\/div>\n\t\t<\/div>\n\t\t\t\t\t<\/div>\n\t\t<\/section>\n\t\t\t\t<section class=\"elementor-section elementor-top-section elementor-element elementor-element-293f618 elementor-section-boxed elementor-section-height-default elementor-section-height-default jltma-glass-effect-no\" data-id=\"293f618\" data-element_type=\"section\" data-e-type=\"section\" data-settings=\"{&quot;background_background&quot;:&quot;classic&quot;}\">\n\t\t\t\t\t\t<div class=\"elementor-container elementor-column-gap-default\">\n\t\t\t\t\t<div class=\"elementor-column elementor-col-100 elementor-top-column elementor-element elementor-element-39b13ee jltma-glass-effect-no\" data-id=\"39b13ee\" data-element_type=\"column\" data-e-type=\"column\">\n\t\t\t<div class=\"elementor-widget-wrap elementor-element-populated\">\n\t\t\t\t\t\t<div class=\"elementor-element elementor-element-0713c58 jltma-glass-effect-no elementor-widget elementor-widget-heading\" data-id=\"0713c58\" data-element_type=\"widget\" data-e-type=\"widget\" data-widget_type=\"heading.default\">\n\t\t\t\t<div class=\"elementor-widget-container\">\n\t\t\t\t\t<h2 class=\"elementor-heading-title elementor-size-default\">Un partenaire agr\u00e9\u00e9 pour votre s\u00e9curit\u00e9<\/h2>\t\t\t\t<\/div>\n\t\t\t\t<\/div>\n\t\t\t\t<section class=\"elementor-section elementor-inner-section elementor-element elementor-element-1dd5297 elementor-section-boxed elementor-section-height-default elementor-section-height-default jltma-glass-effect-no\" data-id=\"1dd5297\" data-element_type=\"section\" data-e-type=\"section\">\n\t\t\t\t\t\t<div class=\"elementor-container elementor-column-gap-default\">\n\t\t\t\t\t<div class=\"elementor-column elementor-col-50 elementor-inner-column elementor-element elementor-element-5772637 jltma-glass-effect-no\" data-id=\"5772637\" data-element_type=\"column\" data-e-type=\"column\">\n\t\t\t<div class=\"elementor-widget-wrap elementor-element-populated\">\n\t\t\t\t\t\t<div class=\"elementor-element elementor-element-f7f4e89 jltma-glass-effect-no elementor-invisible elementor-widget elementor-widget-image\" data-id=\"f7f4e89\" data-element_type=\"widget\" data-e-type=\"widget\" data-settings=\"{&quot;_animation&quot;:&quot;fadeInLeft&quot;,&quot;_animation_delay&quot;:0}\" data-widget_type=\"image.default\">\n\t\t\t\t<div class=\"elementor-widget-container\">\n\t\t\t\t\t\t\t\t\t\t\t\t\t\t\t<img decoding=\"async\" width=\"768\" height=\"512\" src=\"https:\/\/property-dubai.com\/wp-content\/uploads\/2024\/10\/business-man-financial-inspector-secretary-making-report-calculating-checking-balance-internal-revenue-service-inspector-checking-document-audit-concept_1423-126-768x512.webp\" class=\"attachment-medium_large size-medium_large wp-image-38461\" alt=\"\" srcset=\"https:\/\/property-dubai.com\/wp-content\/uploads\/2024\/10\/business-man-financial-inspector-secretary-making-report-calculating-checking-balance-internal-revenue-service-inspector-checking-document-audit-concept_1423-126-768x512.webp 768w, https:\/\/property-dubai.com\/wp-content\/uploads\/2024\/10\/business-man-financial-inspector-secretary-making-report-calculating-checking-balance-internal-revenue-service-inspector-checking-document-audit-concept_1423-126-300x200.webp 300w, https:\/\/property-dubai.com\/wp-content\/uploads\/2024\/10\/business-man-financial-inspector-secretary-making-report-calculating-checking-balance-internal-revenue-service-inspector-checking-document-audit-concept_1423-126-1024x682.webp 1024w, https:\/\/property-dubai.com\/wp-content\/uploads\/2024\/10\/business-man-financial-inspector-secretary-making-report-calculating-checking-balance-internal-revenue-service-inspector-checking-document-audit-concept_1423-126-1536x1024.webp 1536w, https:\/\/property-dubai.com\/wp-content\/uploads\/2024\/10\/business-man-financial-inspector-secretary-making-report-calculating-checking-balance-internal-revenue-service-inspector-checking-document-audit-concept_1423-126-610x407.webp 610w, https:\/\/property-dubai.com\/wp-content\/uploads\/2024\/10\/business-man-financial-inspector-secretary-making-report-calculating-checking-balance-internal-revenue-service-inspector-checking-document-audit-concept_1423-126-150x100.webp 150w, https:\/\/property-dubai.com\/wp-content\/uploads\/2024\/10\/business-man-financial-inspector-secretary-making-report-calculating-checking-balance-internal-revenue-service-inspector-checking-document-audit-concept_1423-126-488x326.webp 488w, https:\/\/property-dubai.com\/wp-content\/uploads\/2024\/10\/business-man-financial-inspector-secretary-making-report-calculating-checking-balance-internal-revenue-service-inspector-checking-document-audit-concept_1423-126.webp 2000w\" sizes=\"(max-width: 768px) 100vw, 768px\" \/>\t\t\t\t\t\t\t\t\t\t\t\t\t\t\t<\/div>\n\t\t\t\t<\/div>\n\t\t\t\t\t<\/div>\n\t\t<\/div>\n\t\t\t\t<div class=\"elementor-column elementor-col-50 elementor-inner-column elementor-element elementor-element-b134dc5 jltma-glass-effect-no\" data-id=\"b134dc5\" data-element_type=\"column\" data-e-type=\"column\">\n\t\t\t<div class=\"elementor-widget-wrap elementor-element-populated\">\n\t\t\t\t\t\t<div class=\"elementor-element elementor-element-391650d jltma-glass-effect-no elementor-widget elementor-widget-text-editor\" data-id=\"391650d\" data-element_type=\"widget\" data-e-type=\"widget\" data-widget_type=\"text-editor.default\">\n\t\t\t\t<div class=\"elementor-widget-container\">\n\t\t\t\t\t\t\t\t\t<p><span style=\"font-weight: 400;\">Notre partenaire fiduciaire tient un autre compte afin de verser vos fonds conform\u00e9ment \u00e0 vos instructions et en votre nom. Notre partenaire fiduciaire g\u00e8re un compte bloqu\u00e9 afin de d\u00e9caisser les fonds conform\u00e9ment \u00e0 vos instructions et en votre nom. Bien entendu, l&rsquo;activit\u00e9 fiduciaire aux EAU requiert l\u2019obtention d\u2018une licence et est r\u00e9glement\u00e9e par la Banque Centrale et d&rsquo;autres autorit\u00e9s comp\u00e9tentes. <\/span><\/p><p><span style=\"font-weight: 400;\">Le service en bref: <\/span><\/p><ul><li><span style=\"font-weight: 400;\">R\u00e9ception des fonds sur un compte fiduciaire local (compte bloqu\u00e9)<\/span><\/li><li><span style=\"font-weight: 400;\">\u00c9mission de ch\u00e8ques de banque en faveur du vendeur et paiement des frais aux autres parties impliqu\u00e9es dans la transaction (Dubai Land Department, Registration Trustee, courtiers, etc.) conform\u00e9ment aux instructions du client <\/span><\/li><li><span style=\"font-weight: 400;\">Documentation en totale conformit\u00e9 avec les r\u00e9glementations locales et internationales en mati\u00e8re de lutte contre le blanchiment d&rsquo;argent <\/span><\/li><li><span style=\"font-weight: 400;\">Conditions commerciales imbattables <\/span><\/li><\/ul>\t\t\t\t\t\t\t\t<\/div>\n\t\t\t\t<\/div>\n\t\t\t\t\t<\/div>\n\t\t<\/div>\n\t\t\t\t\t<\/div>\n\t\t<\/section>\n\t\t\t\t<div class=\"elementor-element elementor-element-e78f46c elementor-align-center jltma-glass-effect-no elementor-widget elementor-widget-button\" data-id=\"e78f46c\" data-element_type=\"widget\" data-e-type=\"widget\" data-widget_type=\"button.default\">\n\t\t\t\t<div class=\"elementor-widget-container\">\n\t\t\t\t\t\t\t\t\t<div class=\"elementor-button-wrapper\">\n\t\t\t\t\t<a class=\"elementor-button elementor-button-link elementor-size-lg\" href=\"https:\/\/property-dubai.com\/de\/kontakt\/\">\n\t\t\t\t\t\t<span class=\"elementor-button-content-wrapper\">\n\t\t\t\t\t\t\t\t\t<span class=\"elementor-button-text\">Pour en savoir plus, cliquez ici<\/span>\n\t\t\t\t\t<\/span>\n\t\t\t\t\t<\/a>\n\t\t\t\t<\/div>\n\t\t\t\t\t\t\t\t<\/div>\n\t\t\t\t<\/div>\n\t\t\t\t\t<\/div>\n\t\t<\/div>\n\t\t\t\t\t<\/div>\n\t\t<\/section>\n\t\t\t\t<section class=\"elementor-section elementor-top-section elementor-element elementor-element-a215918 elementor-section-boxed elementor-section-height-default elementor-section-height-default jltma-glass-effect-no\" data-id=\"a215918\" data-element_type=\"section\" data-e-type=\"section\">\n\t\t\t\t\t\t<div class=\"elementor-container elementor-column-gap-default\">\n\t\t\t\t\t<div class=\"elementor-column elementor-col-100 elementor-top-column elementor-element elementor-element-cff69b8 jltma-glass-effect-no\" data-id=\"cff69b8\" data-element_type=\"column\" data-e-type=\"column\">\n\t\t\t<div class=\"elementor-widget-wrap\">\n\t\t\t\t\t\t\t<\/div>\n\t\t<\/div>\n\t\t\t\t\t<\/div>\n\t\t<\/section>\n\t\t\t\t<\/div>\n\t\t","protected":false},"excerpt":{"rendered":"<p>Service fiduciaire Le Dubai Land Department exige que le paiement du prix d&rsquo;achat d&rsquo;un bien immobilier soit effectu\u00e9 au moyen d&rsquo;un ch\u00e8que de banque \u00e9mis par une banque \u00e9mirienne. Si vous souhaitez acheter votre bien avant de disposer d&rsquo;un compte bancaire aux EAU, notre service de s\u00e9questre vous sera indispensable pour pouvoir transf\u00e9rer le titre&#8230;<\/p>\n","protected":false},"author":1,"featured_media":0,"parent":0,"menu_order":0,"comment_status":"closed","ping_status":"closed","template":"","meta":{"_acf_changed":false,"footnotes":""},"class_list":["post-25339","page","type-page","status-publish","hentry"],"acf":[],"_links":{"self":[{"href":"https:\/\/property-dubai.com\/fr\/wp-json\/wp\/v2\/pages\/25339","targetHints":{"allow":["GET"]}}],"collection":[{"href":"https:\/\/property-dubai.com\/fr\/wp-json\/wp\/v2\/pages"}],"about":[{"href":"https:\/\/property-dubai.com\/fr\/wp-json\/wp\/v2\/types\/page"}],"author":[{"embeddable":true,"href":"https:\/\/property-dubai.com\/fr\/wp-json\/wp\/v2\/users\/1"}],"replies":[{"embeddable":true,"href":"https:\/\/property-dubai.com\/fr\/wp-json\/wp\/v2\/comments?post=25339"}],"version-history":[{"count":5,"href":"https:\/\/property-dubai.com\/fr\/wp-json\/wp\/v2\/pages\/25339\/revisions"}],"predecessor-version":[{"id":38611,"href":"https:\/\/property-dubai.com\/fr\/wp-json\/wp\/v2\/pages\/25339\/revisions\/38611"}],"wp:attachment":[{"href":"https:\/\/property-dubai.com\/fr\/wp-json\/wp\/v2\/media?parent=25339"}],"curies":[{"name":"wp","href":"https:\/\/api.w.org\/{rel}","templated":true}]}}