{"id":25337,"date":"2022-03-25T03:11:48","date_gmt":"2022-03-25T03:11:48","guid":{"rendered":"https:\/\/property-dubai.com\/service-de-procuration-power-of-attorney\/"},"modified":"2024-10-17T21:49:30","modified_gmt":"2024-10-17T21:49:30","slug":"service-de-procuration-power-of-attorney","status":"publish","type":"page","link":"https:\/\/property-dubai.com\/fr\/service-de-procuration-power-of-attorney\/","title":{"rendered":"Service de procuration (Power of Attorney)"},"content":{"rendered":"\t\t<div data-elementor-type=\"wp-post\" data-elementor-id=\"25337\" class=\"elementor elementor-25337 elementor-24129\" data-elementor-post-type=\"page\">\n\t\t\t\t\t\t<section class=\"elementor-section elementor-top-section elementor-element elementor-element-d138cb1 elementor-section-boxed elementor-section-height-default elementor-section-height-default jltma-glass-effect-no\" data-id=\"d138cb1\" data-element_type=\"section\" data-e-type=\"section\" data-settings=\"{&quot;background_background&quot;:&quot;classic&quot;}\">\n\t\t\t\t\t\t<div class=\"elementor-container elementor-column-gap-default\">\n\t\t\t\t\t<div class=\"elementor-column elementor-col-100 elementor-top-column elementor-element elementor-element-dc42ea0 jltma-glass-effect-no\" data-id=\"dc42ea0\" data-element_type=\"column\" data-e-type=\"column\">\n\t\t\t<div class=\"elementor-widget-wrap elementor-element-populated\">\n\t\t\t\t\t\t<div class=\"elementor-element elementor-element-142c1e8 jltma-glass-effect-no elementor-widget elementor-widget-heading\" data-id=\"142c1e8\" data-element_type=\"widget\" data-e-type=\"widget\" data-widget_type=\"heading.default\">\n\t\t\t\t<div class=\"elementor-widget-container\">\n\t\t\t\t\t<h2 class=\"elementor-heading-title elementor-size-default\">Service de procuration (Power of Attorney)<\/h2>\t\t\t\t<\/div>\n\t\t\t\t<\/div>\n\t\t\t\t\t<\/div>\n\t\t<\/div>\n\t\t\t\t\t<\/div>\n\t\t<\/section>\n\t\t\t\t<section class=\"elementor-section elementor-top-section elementor-element elementor-element-7670d49 elementor-section-content-middle elementor-section-boxed elementor-section-height-default elementor-section-height-default jltma-glass-effect-no\" data-id=\"7670d49\" data-element_type=\"section\" data-e-type=\"section\" data-settings=\"{&quot;background_background&quot;:&quot;classic&quot;}\">\n\t\t\t\t\t\t<div class=\"elementor-container elementor-column-gap-default\">\n\t\t\t\t\t<div class=\"elementor-column elementor-col-66 elementor-top-column elementor-element elementor-element-a026d22 jltma-glass-effect-no\" data-id=\"a026d22\" data-element_type=\"column\" data-e-type=\"column\">\n\t\t\t<div class=\"elementor-widget-wrap elementor-element-populated\">\n\t\t\t\t\t\t<div class=\"elementor-element elementor-element-9029cf2 jltma-glass-effect-no elementor-widget elementor-widget-text-editor\" data-id=\"9029cf2\" data-element_type=\"widget\" data-e-type=\"widget\" data-widget_type=\"text-editor.default\">\n\t\t\t\t<div class=\"elementor-widget-container\">\n\t\t\t\t\t\t\t\t\t<p>\n            <span style=\"font-weight: 400;\">Si vous n&rsquo;\u00eates pas en mesure de vous d\u00e9placer ou si vous souhaitez confier la partie administrative de votre transaction immobili\u00e8re \u00e0 des professionnels exp\u00e9riment\u00e9s, notre service de procuration (Power of Attorney) est fait pour vous.<\/span>\n          <\/p>\n\t\t\t\t\t\t\t\t<\/div>\n\t\t\t\t<\/div>\n\t\t\t\t\t<\/div>\n\t\t<\/div>\n\t\t\t\t<div class=\"elementor-column elementor-col-33 elementor-top-column elementor-element elementor-element-9d090d3 jltma-glass-effect-no\" data-id=\"9d090d3\" data-element_type=\"column\" data-e-type=\"column\">\n\t\t\t<div class=\"elementor-widget-wrap elementor-element-populated\">\n\t\t\t\t\t\t<div class=\"elementor-element elementor-element-791d67f jltma-glass-effect-no elementor-invisible elementor-widget elementor-widget-image\" data-id=\"791d67f\" data-element_type=\"widget\" data-e-type=\"widget\" data-settings=\"{&quot;_animation&quot;:&quot;fadeInRight&quot;,&quot;_animation_delay&quot;:0}\" data-widget_type=\"image.default\">\n\t\t\t\t<div class=\"elementor-widget-container\">\n\t\t\t\t\t\t\t\t\t\t\t\t\t\t\t<img fetchpriority=\"high\" decoding=\"async\" width=\"828\" height=\"551\" src=\"https:\/\/property-dubai.com\/wp-content\/uploads\/2024\/10\/potentially-PoA-or-legal-advisory-scaled-1-1024x682.jpg\" class=\"attachment-large size-large wp-image-38467\" alt=\"\" srcset=\"https:\/\/property-dubai.com\/wp-content\/uploads\/2024\/10\/potentially-PoA-or-legal-advisory-scaled-1-1024x682.jpg 1024w, https:\/\/property-dubai.com\/wp-content\/uploads\/2024\/10\/potentially-PoA-or-legal-advisory-scaled-1-300x200.jpg 300w, https:\/\/property-dubai.com\/wp-content\/uploads\/2024\/10\/potentially-PoA-or-legal-advisory-scaled-1-768x512.jpg 768w, https:\/\/property-dubai.com\/wp-content\/uploads\/2024\/10\/potentially-PoA-or-legal-advisory-scaled-1-1536x1024.jpg 1536w, https:\/\/property-dubai.com\/wp-content\/uploads\/2024\/10\/potentially-PoA-or-legal-advisory-scaled-1-2048x1365.jpg 2048w, https:\/\/property-dubai.com\/wp-content\/uploads\/2024\/10\/potentially-PoA-or-legal-advisory-scaled-1-610x407.jpg 610w, https:\/\/property-dubai.com\/wp-content\/uploads\/2024\/10\/potentially-PoA-or-legal-advisory-scaled-1-150x100.jpg 150w, https:\/\/property-dubai.com\/wp-content\/uploads\/2024\/10\/potentially-PoA-or-legal-advisory-scaled-1-488x326.jpg 488w\" sizes=\"(max-width: 828px) 100vw, 828px\" \/>\t\t\t\t\t\t\t\t\t\t\t\t\t\t\t<\/div>\n\t\t\t\t<\/div>\n\t\t\t\t\t<\/div>\n\t\t<\/div>\n\t\t\t\t\t<\/div>\n\t\t<\/section>\n\t\t\t\t<section class=\"elementor-section elementor-top-section elementor-element elementor-element-1d00ca6 elementor-section-boxed elementor-section-height-default elementor-section-height-default jltma-glass-effect-no\" data-id=\"1d00ca6\" data-element_type=\"section\" data-e-type=\"section\" data-settings=\"{&quot;background_background&quot;:&quot;classic&quot;}\">\n\t\t\t\t\t\t<div class=\"elementor-container elementor-column-gap-default\">\n\t\t\t\t\t<div class=\"elementor-column elementor-col-100 elementor-top-column elementor-element elementor-element-91c395f jltma-glass-effect-no\" data-id=\"91c395f\" data-element_type=\"column\" data-e-type=\"column\">\n\t\t\t<div class=\"elementor-widget-wrap elementor-element-populated\">\n\t\t\t\t\t\t<div class=\"elementor-element elementor-element-4882464 jltma-glass-effect-no elementor-widget elementor-widget-heading\" data-id=\"4882464\" data-element_type=\"widget\" data-e-type=\"widget\" data-widget_type=\"heading.default\">\n\t\t\t\t<div class=\"elementor-widget-container\">\n\t\t\t\t\t<h2 class=\"elementor-heading-title elementor-size-default\">Votre repr\u00e9sentant juridique \u00e0 Duba\u00ef: comp\u00e9tent et rapide<\/h2>\t\t\t\t<\/div>\n\t\t\t\t<\/div>\n\t\t\t\t<section class=\"elementor-section elementor-inner-section elementor-element elementor-element-b212a4b elementor-section-boxed elementor-section-height-default elementor-section-height-default jltma-glass-effect-no\" data-id=\"b212a4b\" data-element_type=\"section\" data-e-type=\"section\">\n\t\t\t\t\t\t<div class=\"elementor-container elementor-column-gap-default\">\n\t\t\t\t\t<div class=\"elementor-column elementor-col-50 elementor-inner-column elementor-element elementor-element-404b6d4 jltma-glass-effect-no\" data-id=\"404b6d4\" data-element_type=\"column\" data-e-type=\"column\">\n\t\t\t<div class=\"elementor-widget-wrap elementor-element-populated\">\n\t\t\t\t\t\t<div class=\"elementor-element elementor-element-b85d281 jltma-glass-effect-no elementor-invisible elementor-widget elementor-widget-image\" data-id=\"b85d281\" data-element_type=\"widget\" data-e-type=\"widget\" data-settings=\"{&quot;_animation&quot;:&quot;fadeInLeft&quot;,&quot;_animation_delay&quot;:0}\" data-widget_type=\"image.default\">\n\t\t\t\t<div class=\"elementor-widget-container\">\n\t\t\t\t\t\t\t\t\t\t\t\t\t\t\t<img decoding=\"async\" width=\"768\" height=\"1152\" src=\"https:\/\/property-dubai.com\/wp-content\/uploads\/2024\/10\/potentially-PoA-or-Advisory-scaled-1-768x1152.jpg\" class=\"attachment-medium_large size-medium_large wp-image-38470\" alt=\"\" srcset=\"https:\/\/property-dubai.com\/wp-content\/uploads\/2024\/10\/potentially-PoA-or-Advisory-scaled-1-768x1152.jpg 768w, https:\/\/property-dubai.com\/wp-content\/uploads\/2024\/10\/potentially-PoA-or-Advisory-scaled-1-200x300.jpg 200w, https:\/\/property-dubai.com\/wp-content\/uploads\/2024\/10\/potentially-PoA-or-Advisory-scaled-1-683x1024.jpg 683w, https:\/\/property-dubai.com\/wp-content\/uploads\/2024\/10\/potentially-PoA-or-Advisory-scaled-1-1024x1536.jpg 1024w, https:\/\/property-dubai.com\/wp-content\/uploads\/2024\/10\/potentially-PoA-or-Advisory-scaled-1-1366x2048.jpg 1366w, https:\/\/property-dubai.com\/wp-content\/uploads\/2024\/10\/potentially-PoA-or-Advisory-scaled-1-610x915.jpg 610w, https:\/\/property-dubai.com\/wp-content\/uploads\/2024\/10\/potentially-PoA-or-Advisory-scaled-1-100x150.jpg 100w, https:\/\/property-dubai.com\/wp-content\/uploads\/2024\/10\/potentially-PoA-or-Advisory-scaled-1.jpg 1707w\" sizes=\"(max-width: 768px) 100vw, 768px\" \/>\t\t\t\t\t\t\t\t\t\t\t\t\t\t\t<\/div>\n\t\t\t\t<\/div>\n\t\t\t\t\t<\/div>\n\t\t<\/div>\n\t\t\t\t<div class=\"elementor-column elementor-col-50 elementor-inner-column elementor-element elementor-element-6fe65b5 jltma-glass-effect-no\" data-id=\"6fe65b5\" data-element_type=\"column\" data-e-type=\"column\">\n\t\t\t<div class=\"elementor-widget-wrap elementor-element-populated\">\n\t\t\t\t\t\t<div class=\"elementor-element elementor-element-39eff30 jltma-glass-effect-no elementor-widget elementor-widget-text-editor\" data-id=\"39eff30\" data-element_type=\"widget\" data-e-type=\"widget\" data-widget_type=\"text-editor.default\">\n\t\t\t\t<div class=\"elementor-widget-container\">\n\t\t\t\t\t\t\t\t\t<p><span style=\"font-weight: 400;\">Gr\u00e2ce au service de certification notariale par vid\u00e9o r\u00e9cemment mis en place \u00e0 Duba\u00ef, les proc\u00e9dures de certification en plusieurs \u00e9tapes, co\u00fbteuses et longues, dans votre pays d&rsquo;origine appartiennent au pass\u00e9. Apr\u00e8s avoir r\u00e9dig\u00e9 et approuv\u00e9 la procuration, vous passez un bref entretien vid\u00e9o avec un notaire de Duba\u00ef, qui authentifie imm\u00e9diatement la procuration en question afin que nous puissions agir l\u00e9galement en votre nom. <\/span><\/p><p><span style=\"font-weight: 400;\">Notre service de procuration vous offre les prestations suivantes : <\/span><\/p><ul><li><span style=\"font-weight: 400;\">Pr\u00e9paration d&rsquo;un document de procuration appropri\u00e9 <\/span><\/li><li><span style=\"font-weight: 400;\">Temps de traitement rapide etfrais r\u00e9duits gr\u00e2ce \u00e0 la l\u00e9galisation notariale par visio-conf\u00e9rence<\/span><\/li><li><span style=\"font-weight: 400;\">Repr\u00e9sentation juridique aupr\u00e8s de tous les organismes publics et des parties contractantes avant la transaction immobili\u00e8re proprement dite<\/span><\/li><li><span style=\"font-weight: 400;\">Repr\u00e9sentation juridique le jour du transfert du titre de propri\u00e9t\u00e9, y compris la remise et la r\u00e9ception de ch\u00e8ques, documents et tout autre objet (cl\u00e9s, cartes d&rsquo;acc\u00e8s, etc.)<\/span><\/li><li><span style=\"font-weight: 400;\">Repr\u00e9sentation juridique pour la finalisation et le suivi des contrats de location, etc.<\/span><\/li><\/ul>\t\t\t\t\t\t\t\t<\/div>\n\t\t\t\t<\/div>\n\t\t\t\t\t<\/div>\n\t\t<\/div>\n\t\t\t\t\t<\/div>\n\t\t<\/section>\n\t\t\t\t<div class=\"elementor-element elementor-element-76fd6e8 elementor-align-center jltma-glass-effect-no elementor-widget elementor-widget-button\" data-id=\"76fd6e8\" data-element_type=\"widget\" data-e-type=\"widget\" data-widget_type=\"button.default\">\n\t\t\t\t<div class=\"elementor-widget-container\">\n\t\t\t\t\t\t\t\t\t<div class=\"elementor-button-wrapper\">\n\t\t\t\t\t<a class=\"elementor-button elementor-button-link elementor-size-lg\" href=\"https:\/\/property-dubai.com\/de\/kontakt\/\">\n\t\t\t\t\t\t<span class=\"elementor-button-content-wrapper\">\n\t\t\t\t\t\t\t\t\t<span class=\"elementor-button-text\">Pour en savoir plus, cliquez ici<\/span>\n\t\t\t\t\t<\/span>\n\t\t\t\t\t<\/a>\n\t\t\t\t<\/div>\n\t\t\t\t\t\t\t\t<\/div>\n\t\t\t\t<\/div>\n\t\t\t\t\t<\/div>\n\t\t<\/div>\n\t\t\t\t\t<\/div>\n\t\t<\/section>\n\t\t\t\t<section class=\"elementor-section elementor-top-section elementor-element elementor-element-67f58f8 elementor-section-boxed elementor-section-height-default elementor-section-height-default jltma-glass-effect-no\" data-id=\"67f58f8\" data-element_type=\"section\" data-e-type=\"section\">\n\t\t\t\t\t\t<div class=\"elementor-container elementor-column-gap-default\">\n\t\t\t\t\t<div class=\"elementor-column elementor-col-100 elementor-top-column elementor-element elementor-element-2cf7c76 jltma-glass-effect-no\" data-id=\"2cf7c76\" data-element_type=\"column\" data-e-type=\"column\">\n\t\t\t<div class=\"elementor-widget-wrap\">\n\t\t\t\t\t\t\t<\/div>\n\t\t<\/div>\n\t\t\t\t\t<\/div>\n\t\t<\/section>\n\t\t\t\t<\/div>\n\t\t","protected":false},"excerpt":{"rendered":"<p>Service de procuration (Power of Attorney) Si vous n&rsquo;\u00eates pas en mesure de vous d\u00e9placer ou si vous souhaitez confier la partie administrative de votre transaction immobili\u00e8re \u00e0 des professionnels exp\u00e9riment\u00e9s, notre service de procuration (Power of Attorney) est fait pour vous. Votre repr\u00e9sentant juridique \u00e0 Duba\u00ef: comp\u00e9tent et rapide Gr\u00e2ce au service de certification&#8230;<\/p>\n","protected":false},"author":1,"featured_media":0,"parent":0,"menu_order":0,"comment_status":"closed","ping_status":"closed","template":"","meta":{"_acf_changed":false,"footnotes":""},"class_list":["post-25337","page","type-page","status-publish","hentry"],"acf":[],"_links":{"self":[{"href":"https:\/\/property-dubai.com\/fr\/wp-json\/wp\/v2\/pages\/25337","targetHints":{"allow":["GET"]}}],"collection":[{"href":"https:\/\/property-dubai.com\/fr\/wp-json\/wp\/v2\/pages"}],"about":[{"href":"https:\/\/property-dubai.com\/fr\/wp-json\/wp\/v2\/types\/page"}],"author":[{"embeddable":true,"href":"https:\/\/property-dubai.com\/fr\/wp-json\/wp\/v2\/users\/1"}],"replies":[{"embeddable":true,"href":"https:\/\/property-dubai.com\/fr\/wp-json\/wp\/v2\/comments?post=25337"}],"version-history":[{"count":5,"href":"https:\/\/property-dubai.com\/fr\/wp-json\/wp\/v2\/pages\/25337\/revisions"}],"predecessor-version":[{"id":38614,"href":"https:\/\/property-dubai.com\/fr\/wp-json\/wp\/v2\/pages\/25337\/revisions\/38614"}],"wp:attachment":[{"href":"https:\/\/property-dubai.com\/fr\/wp-json\/wp\/v2\/media?parent=25337"}],"curies":[{"name":"wp","href":"https:\/\/api.w.org\/{rel}","templated":true}]}}