{"id":25335,"date":"2022-03-25T03:01:45","date_gmt":"2022-03-25T03:01:45","guid":{"rendered":"https:\/\/property-dubai.com\/location-a-court-terme-de-votre-bien-immobilier-a-dubai\/"},"modified":"2024-10-17T21:47:05","modified_gmt":"2024-10-17T21:47:05","slug":"location-a-court-terme-de-votre-bien-immobilier-a-dubai","status":"publish","type":"page","link":"https:\/\/property-dubai.com\/fr\/location-a-court-terme-de-votre-bien-immobilier-a-dubai\/","title":{"rendered":"Location \u00e0 court terme de votre bien immobilier \u00e0 Duba\u00ef"},"content":{"rendered":"\t\t<div data-elementor-type=\"wp-post\" data-elementor-id=\"25335\" class=\"elementor elementor-25335 elementor-24102\" data-elementor-post-type=\"page\">\n\t\t\t\t\t\t<section class=\"elementor-section elementor-top-section elementor-element elementor-element-4212eb0 elementor-section-boxed elementor-section-height-default elementor-section-height-default jltma-glass-effect-no\" data-id=\"4212eb0\" data-element_type=\"section\" data-e-type=\"section\" data-settings=\"{&quot;background_background&quot;:&quot;classic&quot;}\">\n\t\t\t\t\t\t<div class=\"elementor-container elementor-column-gap-default\">\n\t\t\t\t\t<div class=\"elementor-column elementor-col-100 elementor-top-column elementor-element elementor-element-1cd1826 jltma-glass-effect-no\" data-id=\"1cd1826\" data-element_type=\"column\" data-e-type=\"column\">\n\t\t\t<div class=\"elementor-widget-wrap elementor-element-populated\">\n\t\t\t\t\t\t<div class=\"elementor-element elementor-element-5cbfbfd jltma-glass-effect-no elementor-widget elementor-widget-heading\" data-id=\"5cbfbfd\" data-element_type=\"widget\" data-e-type=\"widget\" data-widget_type=\"heading.default\">\n\t\t\t\t<div class=\"elementor-widget-container\">\n\t\t\t\t\t<h2 class=\"elementor-heading-title elementor-size-default\">Location \u00e0 court terme de votre bien immobilier \u00e0 Duba\u00ef<\/h2>\t\t\t\t<\/div>\n\t\t\t\t<\/div>\n\t\t\t\t\t<\/div>\n\t\t<\/div>\n\t\t\t\t\t<\/div>\n\t\t<\/section>\n\t\t\t\t<section class=\"elementor-section elementor-top-section elementor-element elementor-element-35f62d1 elementor-section-content-middle elementor-section-boxed elementor-section-height-default elementor-section-height-default jltma-glass-effect-no\" data-id=\"35f62d1\" data-element_type=\"section\" data-e-type=\"section\" data-settings=\"{&quot;background_background&quot;:&quot;classic&quot;}\">\n\t\t\t\t\t\t<div class=\"elementor-container elementor-column-gap-default\">\n\t\t\t\t\t<div class=\"elementor-column elementor-col-66 elementor-top-column elementor-element elementor-element-f7b5af6 jltma-glass-effect-no\" data-id=\"f7b5af6\" data-element_type=\"column\" data-e-type=\"column\">\n\t\t\t<div class=\"elementor-widget-wrap elementor-element-populated\">\n\t\t\t\t\t\t<div class=\"elementor-element elementor-element-189bc9b jltma-glass-effect-no elementor-widget elementor-widget-text-editor\" data-id=\"189bc9b\" data-element_type=\"widget\" data-e-type=\"widget\" data-widget_type=\"text-editor.default\">\n\t\t\t\t<div class=\"elementor-widget-container\">\n\t\t\t\t\t\t\t\t\t<p>\n            <span style=\"font-weight: 400;\">La mise en location \u00e0 court terme de votre bien vous offre une rente locative mensuelle int\u00e9ressante, une utilisation personnelle flexible et une gestion quotidienne de tous les aspects de votre propri\u00e9t\u00e9 par nos partenaires sp\u00e9cialis\u00e9s et agr\u00e9\u00e9s. <\/span>\n          <\/p>\n\t\t\t\t\t\t\t\t<\/div>\n\t\t\t\t<\/div>\n\t\t\t\t\t<\/div>\n\t\t<\/div>\n\t\t\t\t<div class=\"elementor-column elementor-col-33 elementor-top-column elementor-element elementor-element-f5c5803 jltma-glass-effect-no\" data-id=\"f5c5803\" data-element_type=\"column\" data-e-type=\"column\">\n\t\t\t<div class=\"elementor-widget-wrap elementor-element-populated\">\n\t\t\t\t\t\t<div class=\"elementor-element elementor-element-f3aeb03 jltma-glass-effect-no elementor-invisible elementor-widget elementor-widget-image\" data-id=\"f3aeb03\" data-element_type=\"widget\" data-e-type=\"widget\" data-settings=\"{&quot;_animation&quot;:&quot;fadeInRight&quot;,&quot;_animation_delay&quot;:0}\" data-widget_type=\"image.default\">\n\t\t\t\t<div class=\"elementor-widget-container\">\n\t\t\t\t\t\t\t\t\t\t\t\t\t\t\t<img fetchpriority=\"high\" decoding=\"async\" width=\"488\" height=\"326\" src=\"https:\/\/property-dubai.com\/wp-content\/uploads\/2022\/04\/potentially-institutional-488x326.jpg\" class=\"attachment-property-thumb-image size-property-thumb-image wp-image-24430\" alt=\"\" srcset=\"https:\/\/property-dubai.com\/wp-content\/uploads\/2022\/04\/potentially-institutional-488x326.jpg 488w, https:\/\/property-dubai.com\/wp-content\/uploads\/2022\/04\/potentially-institutional-300x200.jpg 300w, https:\/\/property-dubai.com\/wp-content\/uploads\/2022\/04\/potentially-institutional-1024x683.jpg 1024w, https:\/\/property-dubai.com\/wp-content\/uploads\/2022\/04\/potentially-institutional-768x512.jpg 768w, https:\/\/property-dubai.com\/wp-content\/uploads\/2022\/04\/potentially-institutional-1536x1024.jpg 1536w, https:\/\/property-dubai.com\/wp-content\/uploads\/2022\/04\/potentially-institutional-2048x1365.jpg 2048w, https:\/\/property-dubai.com\/wp-content\/uploads\/2022\/04\/potentially-institutional-610x407.jpg 610w, https:\/\/property-dubai.com\/wp-content\/uploads\/2022\/04\/potentially-institutional-150x100.jpg 150w, https:\/\/property-dubai.com\/wp-content\/uploads\/2022\/04\/potentially-institutional-850x570.jpg 850w\" sizes=\"(max-width: 488px) 100vw, 488px\" \/>\t\t\t\t\t\t\t\t\t\t\t\t\t\t\t<\/div>\n\t\t\t\t<\/div>\n\t\t\t\t\t<\/div>\n\t\t<\/div>\n\t\t\t\t\t<\/div>\n\t\t<\/section>\n\t\t\t\t<section class=\"elementor-section elementor-top-section elementor-element elementor-element-e129012 elementor-section-boxed elementor-section-height-default elementor-section-height-default jltma-glass-effect-no\" data-id=\"e129012\" data-element_type=\"section\" data-e-type=\"section\" data-settings=\"{&quot;background_background&quot;:&quot;classic&quot;}\">\n\t\t\t\t\t\t<div class=\"elementor-container elementor-column-gap-default\">\n\t\t\t\t\t<div class=\"elementor-column elementor-col-100 elementor-top-column elementor-element elementor-element-8506710 jltma-glass-effect-no\" data-id=\"8506710\" data-element_type=\"column\" data-e-type=\"column\">\n\t\t\t<div class=\"elementor-widget-wrap elementor-element-populated\">\n\t\t\t\t\t\t<div class=\"elementor-element elementor-element-6d2b44c jltma-glass-effect-no elementor-widget elementor-widget-heading\" data-id=\"6d2b44c\" data-element_type=\"widget\" data-e-type=\"widget\" data-widget_type=\"heading.default\">\n\t\t\t\t<div class=\"elementor-widget-container\">\n\t\t\t\t\t<h2 class=\"elementor-heading-title elementor-size-default\">Un service complet et sans compromis<\/h2>\t\t\t\t<\/div>\n\t\t\t\t<\/div>\n\t\t\t\t<section class=\"elementor-section elementor-inner-section elementor-element elementor-element-f024241 elementor-section-boxed elementor-section-height-default elementor-section-height-default jltma-glass-effect-no\" data-id=\"f024241\" data-element_type=\"section\" data-e-type=\"section\">\n\t\t\t\t\t\t<div class=\"elementor-container elementor-column-gap-default\">\n\t\t\t\t\t<div class=\"elementor-column elementor-col-50 elementor-inner-column elementor-element elementor-element-c530309 jltma-glass-effect-no\" data-id=\"c530309\" data-element_type=\"column\" data-e-type=\"column\">\n\t\t\t<div class=\"elementor-widget-wrap elementor-element-populated\">\n\t\t\t\t\t\t<div class=\"elementor-element elementor-element-949fbd4 jltma-glass-effect-no elementor-invisible elementor-widget elementor-widget-image\" data-id=\"949fbd4\" data-element_type=\"widget\" data-e-type=\"widget\" data-settings=\"{&quot;_animation&quot;:&quot;fadeInLeft&quot;,&quot;_animation_delay&quot;:0}\" data-widget_type=\"image.default\">\n\t\t\t\t<div class=\"elementor-widget-container\">\n\t\t\t\t\t\t\t\t\t\t\t\t\t\t\t<img decoding=\"async\" width=\"738\" height=\"492\" src=\"https:\/\/property-dubai.com\/wp-content\/uploads\/2022\/03\/real-estate-agent-showing-house-plan-buyer_1163-5288-768x512.webp\" class=\"attachment-medium_large size-medium_large wp-image-24106\" alt=\"\" srcset=\"https:\/\/property-dubai.com\/wp-content\/uploads\/2022\/03\/real-estate-agent-showing-house-plan-buyer_1163-5288-768x512.webp 768w, https:\/\/property-dubai.com\/wp-content\/uploads\/2022\/03\/real-estate-agent-showing-house-plan-buyer_1163-5288-300x200.webp 300w, https:\/\/property-dubai.com\/wp-content\/uploads\/2022\/03\/real-estate-agent-showing-house-plan-buyer_1163-5288-1024x682.webp 1024w, https:\/\/property-dubai.com\/wp-content\/uploads\/2022\/03\/real-estate-agent-showing-house-plan-buyer_1163-5288-1536x1024.webp 1536w, https:\/\/property-dubai.com\/wp-content\/uploads\/2022\/03\/real-estate-agent-showing-house-plan-buyer_1163-5288-610x407.webp 610w, https:\/\/property-dubai.com\/wp-content\/uploads\/2022\/03\/real-estate-agent-showing-house-plan-buyer_1163-5288-150x100.webp 150w, https:\/\/property-dubai.com\/wp-content\/uploads\/2022\/03\/real-estate-agent-showing-house-plan-buyer_1163-5288-488x326.webp 488w, https:\/\/property-dubai.com\/wp-content\/uploads\/2022\/03\/real-estate-agent-showing-house-plan-buyer_1163-5288.webp 2000w\" sizes=\"(max-width: 738px) 100vw, 738px\" \/>\t\t\t\t\t\t\t\t\t\t\t\t\t\t\t<\/div>\n\t\t\t\t<\/div>\n\t\t\t\t\t<\/div>\n\t\t<\/div>\n\t\t\t\t<div class=\"elementor-column elementor-col-50 elementor-inner-column elementor-element elementor-element-ea6865b jltma-glass-effect-no\" data-id=\"ea6865b\" data-element_type=\"column\" data-e-type=\"column\">\n\t\t\t<div class=\"elementor-widget-wrap elementor-element-populated\">\n\t\t\t\t\t\t<div class=\"elementor-element elementor-element-042ac67 jltma-glass-effect-no elementor-widget elementor-widget-text-editor\" data-id=\"042ac67\" data-element_type=\"widget\" data-e-type=\"widget\" data-widget_type=\"text-editor.default\">\n\t\t\t\t<div class=\"elementor-widget-container\">\n\t\t\t\t\t\t\t\t\t<p><span style=\"font-weight: 400;\">De son am\u00e9nagement \u00e0 son entretien, en passant par sa commercialisation, l&rsquo;accueil des h\u00f4tes et la comptabilit\u00e9: nos services couvrent l\u2019ensemble des activit\u00e9s li\u00e9es \u00e0 l&rsquo;exploitation quotidienne de votre bien. <\/span><\/p><p><span style=\"font-weight: 400;\">A Dubai, la mise en location \u00e0 court terme de votre bien vous offre les avantages suivants: <\/span><\/p><ul><li><span style=\"font-weight: 400;\">une rente locative sup\u00e9rieure \u00e0 la moyenne par rapport \u00e0 la location \u00e0 long terme<\/span><\/li><li><span style=\"font-weight: 400;\">une gestion compl\u00e8te du bien et de toutes les t\u00e2ches relative \u00e0 sa mise en location<\/span><\/li><li><span style=\"font-weight: 400;\">une utilisation personnelle flexible sur notification pr\u00e9alable<\/span><\/li><li><span style=\"font-weight: 400;\">Vous souhaitez savoir si votre bien se pr\u00eate \u00e0 la location \u00e0 court terme ou vous avez besoin de conseils pour acqu\u00e9rir un bien pour la location \u00e0 court terme? <\/span><\/li><\/ul>\t\t\t\t\t\t\t\t<\/div>\n\t\t\t\t<\/div>\n\t\t\t\t\t<\/div>\n\t\t<\/div>\n\t\t\t\t\t<\/div>\n\t\t<\/section>\n\t\t\t\t<div class=\"elementor-element elementor-element-e6ef7cc elementor-align-center jltma-glass-effect-no elementor-widget elementor-widget-button\" data-id=\"e6ef7cc\" data-element_type=\"widget\" data-e-type=\"widget\" data-widget_type=\"button.default\">\n\t\t\t\t<div class=\"elementor-widget-container\">\n\t\t\t\t\t\t\t\t\t<div class=\"elementor-button-wrapper\">\n\t\t\t\t\t<a class=\"elementor-button elementor-button-link elementor-size-lg\" href=\"https:\/\/property-dubai.com\/de\/kontakt\/\">\n\t\t\t\t\t\t<span class=\"elementor-button-content-wrapper\">\n\t\t\t\t\t\t\t\t\t<span class=\"elementor-button-text\">Contactez-nous maintenant<\/span>\n\t\t\t\t\t<\/span>\n\t\t\t\t\t<\/a>\n\t\t\t\t<\/div>\n\t\t\t\t\t\t\t\t<\/div>\n\t\t\t\t<\/div>\n\t\t\t\t\t<\/div>\n\t\t<\/div>\n\t\t\t\t\t<\/div>\n\t\t<\/section>\n\t\t\t\t<section class=\"elementor-section elementor-top-section elementor-element elementor-element-8967e6f elementor-section-boxed elementor-section-height-default elementor-section-height-default jltma-glass-effect-no\" data-id=\"8967e6f\" data-element_type=\"section\" data-e-type=\"section\">\n\t\t\t\t\t\t<div class=\"elementor-container elementor-column-gap-default\">\n\t\t\t\t\t<div class=\"elementor-column elementor-col-100 elementor-top-column elementor-element elementor-element-cd486af jltma-glass-effect-no\" data-id=\"cd486af\" data-element_type=\"column\" data-e-type=\"column\">\n\t\t\t<div class=\"elementor-widget-wrap\">\n\t\t\t\t\t\t\t<\/div>\n\t\t<\/div>\n\t\t\t\t\t<\/div>\n\t\t<\/section>\n\t\t\t\t<\/div>\n\t\t","protected":false},"excerpt":{"rendered":"<p>Location \u00e0 court terme de votre bien immobilier \u00e0 Duba\u00ef La mise en location \u00e0 court terme de votre bien vous offre une rente locative mensuelle int\u00e9ressante, une utilisation personnelle flexible et une gestion quotidienne de tous les aspects de votre propri\u00e9t\u00e9 par nos partenaires sp\u00e9cialis\u00e9s et agr\u00e9\u00e9s. Un service complet et sans compromis De&#8230;<\/p>\n","protected":false},"author":1,"featured_media":0,"parent":0,"menu_order":0,"comment_status":"closed","ping_status":"closed","template":"","meta":{"_acf_changed":false,"footnotes":""},"class_list":["post-25335","page","type-page","status-publish","hentry"],"acf":[],"_links":{"self":[{"href":"https:\/\/property-dubai.com\/fr\/wp-json\/wp\/v2\/pages\/25335","targetHints":{"allow":["GET"]}}],"collection":[{"href":"https:\/\/property-dubai.com\/fr\/wp-json\/wp\/v2\/pages"}],"about":[{"href":"https:\/\/property-dubai.com\/fr\/wp-json\/wp\/v2\/types\/page"}],"author":[{"embeddable":true,"href":"https:\/\/property-dubai.com\/fr\/wp-json\/wp\/v2\/users\/1"}],"replies":[{"embeddable":true,"href":"https:\/\/property-dubai.com\/fr\/wp-json\/wp\/v2\/comments?post=25335"}],"version-history":[{"count":5,"href":"https:\/\/property-dubai.com\/fr\/wp-json\/wp\/v2\/pages\/25335\/revisions"}],"predecessor-version":[{"id":38608,"href":"https:\/\/property-dubai.com\/fr\/wp-json\/wp\/v2\/pages\/25335\/revisions\/38608"}],"wp:attachment":[{"href":"https:\/\/property-dubai.com\/fr\/wp-json\/wp\/v2\/media?parent=25335"}],"curies":[{"name":"wp","href":"https:\/\/api.w.org\/{rel}","templated":true}]}}