{"id":25333,"date":"2022-03-25T03:15:47","date_gmt":"2022-03-25T03:15:47","guid":{"rendered":"https:\/\/property-dubai.com\/investissements-institutionnels\/"},"modified":"2024-10-14T20:47:36","modified_gmt":"2024-10-14T20:47:36","slug":"investissements-institutionnels","status":"publish","type":"page","link":"https:\/\/property-dubai.com\/fr\/investissements-institutionnels\/","title":{"rendered":"Investissements institutionnels"},"content":{"rendered":"\t\t<div data-elementor-type=\"wp-post\" data-elementor-id=\"25333\" class=\"elementor elementor-25333 elementor-24140\" data-elementor-post-type=\"page\">\n\t\t\t\t\t\t<section class=\"elementor-section elementor-top-section elementor-element elementor-element-cf44217 elementor-section-boxed elementor-section-height-default elementor-section-height-default jltma-glass-effect-no\" data-id=\"cf44217\" data-element_type=\"section\" data-e-type=\"section\" data-settings=\"{&quot;background_background&quot;:&quot;classic&quot;}\">\n\t\t\t\t\t\t<div class=\"elementor-container elementor-column-gap-default\">\n\t\t\t\t\t<div class=\"elementor-column elementor-col-100 elementor-top-column elementor-element elementor-element-d2157d3 jltma-glass-effect-no\" data-id=\"d2157d3\" data-element_type=\"column\" data-e-type=\"column\">\n\t\t\t<div class=\"elementor-widget-wrap elementor-element-populated\">\n\t\t\t\t\t\t<div class=\"elementor-element elementor-element-cb6cb09 jltma-glass-effect-no elementor-widget elementor-widget-heading\" data-id=\"cb6cb09\" data-element_type=\"widget\" data-e-type=\"widget\" data-widget_type=\"heading.default\">\n\t\t\t\t<div class=\"elementor-widget-container\">\n\t\t\t\t\t<h2 class=\"elementor-heading-title elementor-size-default\">Investissements institutionnels<\/h2>\t\t\t\t<\/div>\n\t\t\t\t<\/div>\n\t\t\t\t\t<\/div>\n\t\t<\/div>\n\t\t\t\t\t<\/div>\n\t\t<\/section>\n\t\t\t\t<section class=\"elementor-section elementor-top-section elementor-element elementor-element-f7c8ae9 elementor-section-content-middle elementor-section-boxed elementor-section-height-default elementor-section-height-default jltma-glass-effect-no\" data-id=\"f7c8ae9\" data-element_type=\"section\" data-e-type=\"section\" data-settings=\"{&quot;background_background&quot;:&quot;classic&quot;}\">\n\t\t\t\t\t\t<div class=\"elementor-container elementor-column-gap-default\">\n\t\t\t\t\t<div class=\"elementor-column elementor-col-66 elementor-top-column elementor-element elementor-element-155f285 jltma-glass-effect-no\" data-id=\"155f285\" data-element_type=\"column\" data-e-type=\"column\">\n\t\t\t<div class=\"elementor-widget-wrap elementor-element-populated\">\n\t\t\t\t\t\t<div class=\"elementor-element elementor-element-c4caa8e jltma-glass-effect-no elementor-widget elementor-widget-text-editor\" data-id=\"c4caa8e\" data-element_type=\"widget\" data-e-type=\"widget\" data-widget_type=\"text-editor.default\">\n\t\t\t\t<div class=\"elementor-widget-container\">\n\t\t\t\t\t\t\t\t\t<p>\n            <span style=\"font-weight: 400;\">Gr\u00e2ce \u00e0 notre pr\u00e9sence de plus de 17 ans sur le march\u00e9 immobilier de Duba\u00ef, nous disposons d&rsquo;une connaissance approfondie et actuelle du march\u00e9, constituant une base solide pour nos activit\u00e9s de conseil. Nos contacts \u00e9troits avec les principaux acteurs du march\u00e9, tels que les courtiers, les promoteurs et les investisseurs institutionnels, vous garantissent l&rsquo;acc\u00e8s \u00e0 des offres hors march\u00e9 exclusives avec une r\u00e9elle valeur intrins\u00e8que.<\/span>\n          <\/p>\n\t\t\t\t\t\t\t\t<\/div>\n\t\t\t\t<\/div>\n\t\t\t\t\t<\/div>\n\t\t<\/div>\n\t\t\t\t<div class=\"elementor-column elementor-col-33 elementor-top-column elementor-element elementor-element-8c99086 jltma-glass-effect-no\" data-id=\"8c99086\" data-element_type=\"column\" data-e-type=\"column\">\n\t\t\t<div class=\"elementor-widget-wrap elementor-element-populated\">\n\t\t\t\t\t\t<div class=\"elementor-element elementor-element-f51788e jltma-glass-effect-no elementor-invisible elementor-widget elementor-widget-image\" data-id=\"f51788e\" data-element_type=\"widget\" data-e-type=\"widget\" data-settings=\"{&quot;_animation&quot;:&quot;fadeInRight&quot;,&quot;_animation_delay&quot;:0}\" data-widget_type=\"image.default\">\n\t\t\t\t<div class=\"elementor-widget-container\">\n\t\t\t\t\t\t\t\t\t\t\t\t\t\t\t<img fetchpriority=\"high\" decoding=\"async\" width=\"738\" height=\"492\" src=\"https:\/\/property-dubai.com\/wp-content\/uploads\/2024\/10\/potentially-institutional-1-scaled-1-1024x683.jpg\" class=\"attachment-large size-large wp-image-38477\" alt=\"\" srcset=\"https:\/\/property-dubai.com\/wp-content\/uploads\/2024\/10\/potentially-institutional-1-scaled-1-1024x683.jpg 1024w, https:\/\/property-dubai.com\/wp-content\/uploads\/2024\/10\/potentially-institutional-1-scaled-1-300x200.jpg 300w, https:\/\/property-dubai.com\/wp-content\/uploads\/2024\/10\/potentially-institutional-1-scaled-1-768x512.jpg 768w, https:\/\/property-dubai.com\/wp-content\/uploads\/2024\/10\/potentially-institutional-1-scaled-1-1536x1024.jpg 1536w, https:\/\/property-dubai.com\/wp-content\/uploads\/2024\/10\/potentially-institutional-1-scaled-1-2048x1366.jpg 2048w, https:\/\/property-dubai.com\/wp-content\/uploads\/2024\/10\/potentially-institutional-1-scaled-1-610x407.jpg 610w, https:\/\/property-dubai.com\/wp-content\/uploads\/2024\/10\/potentially-institutional-1-scaled-1-150x100.jpg 150w, https:\/\/property-dubai.com\/wp-content\/uploads\/2024\/10\/potentially-institutional-1-scaled-1-488x326.jpg 488w\" sizes=\"(max-width: 738px) 100vw, 738px\" \/>\t\t\t\t\t\t\t\t\t\t\t\t\t\t\t<\/div>\n\t\t\t\t<\/div>\n\t\t\t\t\t<\/div>\n\t\t<\/div>\n\t\t\t\t\t<\/div>\n\t\t<\/section>\n\t\t\t\t<section class=\"elementor-section elementor-top-section elementor-element elementor-element-5e6c4b5 elementor-section-boxed elementor-section-height-default elementor-section-height-default jltma-glass-effect-no\" data-id=\"5e6c4b5\" data-element_type=\"section\" data-e-type=\"section\" data-settings=\"{&quot;background_background&quot;:&quot;classic&quot;}\">\n\t\t\t\t\t\t<div class=\"elementor-container elementor-column-gap-default\">\n\t\t\t\t\t<div class=\"elementor-column elementor-col-100 elementor-top-column elementor-element elementor-element-eba85e1 jltma-glass-effect-no\" data-id=\"eba85e1\" data-element_type=\"column\" data-e-type=\"column\">\n\t\t\t<div class=\"elementor-widget-wrap elementor-element-populated\">\n\t\t\t\t\t\t<div class=\"elementor-element elementor-element-3ec8dd2 jltma-glass-effect-no elementor-widget elementor-widget-heading\" data-id=\"3ec8dd2\" data-element_type=\"widget\" data-e-type=\"widget\" data-widget_type=\"heading.default\">\n\t\t\t\t<div class=\"elementor-widget-container\">\n\t\t\t\t\t<h2 class=\"elementor-heading-title elementor-size-default\">Un service complet, de l'acquisition \u00e0 la sortie<\/h2>\t\t\t\t<\/div>\n\t\t\t\t<\/div>\n\t\t\t\t<section class=\"elementor-section elementor-inner-section elementor-element elementor-element-a504207 elementor-section-boxed elementor-section-height-default elementor-section-height-default jltma-glass-effect-no\" data-id=\"a504207\" data-element_type=\"section\" data-e-type=\"section\">\n\t\t\t\t\t\t<div class=\"elementor-container elementor-column-gap-default\">\n\t\t\t\t\t<div class=\"elementor-column elementor-col-50 elementor-inner-column elementor-element elementor-element-e162c9f jltma-glass-effect-no\" data-id=\"e162c9f\" data-element_type=\"column\" data-e-type=\"column\">\n\t\t\t<div class=\"elementor-widget-wrap elementor-element-populated\">\n\t\t\t\t\t\t<div class=\"elementor-element elementor-element-ff4d67b jltma-glass-effect-no elementor-invisible elementor-widget elementor-widget-image\" data-id=\"ff4d67b\" data-element_type=\"widget\" data-e-type=\"widget\" data-settings=\"{&quot;_animation&quot;:&quot;fadeInLeft&quot;,&quot;_animation_delay&quot;:0}\" data-widget_type=\"image.default\">\n\t\t\t\t<div class=\"elementor-widget-container\">\n\t\t\t\t\t\t\t\t\t\t\t\t\t\t\t<img decoding=\"async\" width=\"738\" height=\"491\" src=\"https:\/\/property-dubai.com\/wp-content\/uploads\/2024\/10\/pngwing.com-12-768x511.png\" class=\"attachment-medium_large size-medium_large wp-image-38480\" alt=\"\" srcset=\"https:\/\/property-dubai.com\/wp-content\/uploads\/2024\/10\/pngwing.com-12-768x511.png 768w, https:\/\/property-dubai.com\/wp-content\/uploads\/2024\/10\/pngwing.com-12-300x200.png 300w, https:\/\/property-dubai.com\/wp-content\/uploads\/2024\/10\/pngwing.com-12-1024x681.png 1024w, https:\/\/property-dubai.com\/wp-content\/uploads\/2024\/10\/pngwing.com-12-1536x1021.png 1536w, https:\/\/property-dubai.com\/wp-content\/uploads\/2024\/10\/pngwing.com-12-610x406.png 610w, https:\/\/property-dubai.com\/wp-content\/uploads\/2024\/10\/pngwing.com-12-150x100.png 150w, https:\/\/property-dubai.com\/wp-content\/uploads\/2024\/10\/pngwing.com-12-488x326.png 488w, https:\/\/property-dubai.com\/wp-content\/uploads\/2024\/10\/pngwing.com-12.png 1600w\" sizes=\"(max-width: 738px) 100vw, 738px\" \/>\t\t\t\t\t\t\t\t\t\t\t\t\t\t\t<\/div>\n\t\t\t\t<\/div>\n\t\t\t\t\t<\/div>\n\t\t<\/div>\n\t\t\t\t<div class=\"elementor-column elementor-col-50 elementor-inner-column elementor-element elementor-element-844966d jltma-glass-effect-no\" data-id=\"844966d\" data-element_type=\"column\" data-e-type=\"column\">\n\t\t\t<div class=\"elementor-widget-wrap elementor-element-populated\">\n\t\t\t\t\t\t<div class=\"elementor-element elementor-element-a91c1b1 jltma-glass-effect-no elementor-widget elementor-widget-text-editor\" data-id=\"a91c1b1\" data-element_type=\"widget\" data-e-type=\"widget\" data-widget_type=\"text-editor.default\">\n\t\t\t\t<div class=\"elementor-widget-container\">\n\t\t\t\t\t\t\t\t\t<p>\n            <span style=\"font-weight: 400;\">Selon vos besoins, nous vous fournissons une analyse pertinente du march\u00e9 et de biens dans les domaines de l&rsquo;immobilier r\u00e9sidentiel, commercial, h\u00f4telier et de sant\u00e9. Sur la base de cette analyse et conform\u00e9ment \u00e0 vos exigences, nous recherchons des offres immobili\u00e8res hors march\u00e9 appropri\u00e9es et mettons notre expertise \u00e0 votre disposition tout au long du processus, des n\u00e9gociations jusqu\u2018\u00e0 la finalisation.<\/span>\n          <\/p>\n<p>\n            <span style=\"font-weight: 400;\">Si vous le souhaitez, nous surveillons et optimisons \u00e9galement vos investissements immobiliers pendant la phase d&rsquo;exploitation et vous conseillons dans le d\u00e9veloppement et la mise en \u0153uvre de strat\u00e9gies de sortie appropri\u00e9es.<\/span>\n          <\/p>\n\t\t\t\t\t\t\t\t<\/div>\n\t\t\t\t<\/div>\n\t\t\t\t<div class=\"elementor-element elementor-element-938b07f elementor-align-center jltma-glass-effect-no elementor-widget elementor-widget-button\" data-id=\"938b07f\" data-element_type=\"widget\" data-e-type=\"widget\" data-widget_type=\"button.default\">\n\t\t\t\t<div class=\"elementor-widget-container\">\n\t\t\t\t\t\t\t\t\t<div class=\"elementor-button-wrapper\">\n\t\t\t\t\t<a class=\"elementor-button elementor-button-link elementor-size-lg\" href=\"https:\/\/property-dubai.com\/de\/kontakt\/\">\n\t\t\t\t\t\t<span class=\"elementor-button-content-wrapper\">\n\t\t\t\t\t\t\t\t\t<span class=\"elementor-button-text\">Contactez-nous<\/span>\n\t\t\t\t\t<\/span>\n\t\t\t\t\t<\/a>\n\t\t\t\t<\/div>\n\t\t\t\t\t\t\t\t<\/div>\n\t\t\t\t<\/div>\n\t\t\t\t\t<\/div>\n\t\t<\/div>\n\t\t\t\t\t<\/div>\n\t\t<\/section>\n\t\t\t\t\t<\/div>\n\t\t<\/div>\n\t\t\t\t\t<\/div>\n\t\t<\/section>\n\t\t\t\t<section class=\"elementor-section elementor-top-section elementor-element elementor-element-253cb5c elementor-section-boxed elementor-section-height-default elementor-section-height-default jltma-glass-effect-no\" data-id=\"253cb5c\" data-element_type=\"section\" data-e-type=\"section\">\n\t\t\t\t\t\t<div class=\"elementor-container elementor-column-gap-default\">\n\t\t\t\t\t<div class=\"elementor-column elementor-col-100 elementor-top-column elementor-element elementor-element-ecba9a2 jltma-glass-effect-no\" data-id=\"ecba9a2\" data-element_type=\"column\" data-e-type=\"column\">\n\t\t\t<div class=\"elementor-widget-wrap\">\n\t\t\t\t\t\t\t<\/div>\n\t\t<\/div>\n\t\t\t\t\t<\/div>\n\t\t<\/section>\n\t\t\t\t<\/div>\n\t\t","protected":false},"excerpt":{"rendered":"<p>Investissements institutionnels Gr\u00e2ce \u00e0 notre pr\u00e9sence de plus de 17 ans sur le march\u00e9 immobilier de Duba\u00ef, nous disposons d&rsquo;une connaissance approfondie et actuelle du march\u00e9, constituant une base solide pour nos activit\u00e9s de conseil. Nos contacts \u00e9troits avec les principaux acteurs du march\u00e9, tels que les courtiers, les promoteurs et les investisseurs institutionnels, vous&#8230;<\/p>\n","protected":false},"author":1,"featured_media":0,"parent":0,"menu_order":0,"comment_status":"closed","ping_status":"closed","template":"","meta":{"_acf_changed":false,"footnotes":""},"class_list":["post-25333","page","type-page","status-publish","hentry"],"acf":[],"_links":{"self":[{"href":"https:\/\/property-dubai.com\/fr\/wp-json\/wp\/v2\/pages\/25333","targetHints":{"allow":["GET"]}}],"collection":[{"href":"https:\/\/property-dubai.com\/fr\/wp-json\/wp\/v2\/pages"}],"about":[{"href":"https:\/\/property-dubai.com\/fr\/wp-json\/wp\/v2\/types\/page"}],"author":[{"embeddable":true,"href":"https:\/\/property-dubai.com\/fr\/wp-json\/wp\/v2\/users\/1"}],"replies":[{"embeddable":true,"href":"https:\/\/property-dubai.com\/fr\/wp-json\/wp\/v2\/comments?post=25333"}],"version-history":[{"count":5,"href":"https:\/\/property-dubai.com\/fr\/wp-json\/wp\/v2\/pages\/25333\/revisions"}],"predecessor-version":[{"id":38529,"href":"https:\/\/property-dubai.com\/fr\/wp-json\/wp\/v2\/pages\/25333\/revisions\/38529"}],"wp:attachment":[{"href":"https:\/\/property-dubai.com\/fr\/wp-json\/wp\/v2\/media?parent=25333"}],"curies":[{"name":"wp","href":"https:\/\/api.w.org\/{rel}","templated":true}]}}