{"id":25329,"date":"2022-03-25T02:50:15","date_gmt":"2022-03-25T02:50:15","guid":{"rendered":"https:\/\/property-dubai.com\/creation-dentreprise-conseils-juridiques-et-fiscaux-visas\/"},"modified":"2024-10-17T21:46:03","modified_gmt":"2024-10-17T21:46:03","slug":"creation-dentreprise-conseils-juridiques-et-fiscaux-visas","status":"publish","type":"page","link":"https:\/\/property-dubai.com\/fr\/creation-dentreprise-conseils-juridiques-et-fiscaux-visas\/","title":{"rendered":"Cr\u00e9ation d&rsquo;entreprise, Conseils juridiques et fiscaux, Visas"},"content":{"rendered":"\t\t<div data-elementor-type=\"wp-post\" data-elementor-id=\"25329\" class=\"elementor elementor-25329 elementor-24088\" data-elementor-post-type=\"page\">\n\t\t\t\t\t\t<section class=\"elementor-section elementor-top-section elementor-element elementor-element-4212eb0 elementor-section-boxed elementor-section-height-default elementor-section-height-default jltma-glass-effect-no\" data-id=\"4212eb0\" data-element_type=\"section\" data-e-type=\"section\" data-settings=\"{&quot;background_background&quot;:&quot;classic&quot;}\">\n\t\t\t\t\t\t<div class=\"elementor-container elementor-column-gap-default\">\n\t\t\t\t\t<div class=\"elementor-column elementor-col-100 elementor-top-column elementor-element elementor-element-1cd1826 jltma-glass-effect-no\" data-id=\"1cd1826\" data-element_type=\"column\" data-e-type=\"column\">\n\t\t\t<div class=\"elementor-widget-wrap elementor-element-populated\">\n\t\t\t\t\t\t<div class=\"elementor-element elementor-element-5cbfbfd jltma-glass-effect-no elementor-widget elementor-widget-heading\" data-id=\"5cbfbfd\" data-element_type=\"widget\" data-e-type=\"widget\" data-widget_type=\"heading.default\">\n\t\t\t\t<div class=\"elementor-widget-container\">\n\t\t\t\t\t<h2 class=\"elementor-heading-title elementor-size-default\">Cr\u00e9ation d'entreprise \u25cf Conseils juridiques et fiscaux \u25cf Visas<\/h2>\t\t\t\t<\/div>\n\t\t\t\t<\/div>\n\t\t\t\t\t<\/div>\n\t\t<\/div>\n\t\t\t\t\t<\/div>\n\t\t<\/section>\n\t\t\t\t<section class=\"elementor-section elementor-top-section elementor-element elementor-element-35f62d1 elementor-section-content-middle elementor-section-boxed elementor-section-height-default elementor-section-height-default jltma-glass-effect-no\" data-id=\"35f62d1\" data-element_type=\"section\" data-e-type=\"section\" data-settings=\"{&quot;background_background&quot;:&quot;classic&quot;}\">\n\t\t\t\t\t\t<div class=\"elementor-container elementor-column-gap-default\">\n\t\t\t\t\t<div class=\"elementor-column elementor-col-66 elementor-top-column elementor-element elementor-element-f7b5af6 jltma-glass-effect-no\" data-id=\"f7b5af6\" data-element_type=\"column\" data-e-type=\"column\">\n\t\t\t<div class=\"elementor-widget-wrap elementor-element-populated\">\n\t\t\t\t\t\t<div class=\"elementor-element elementor-element-189bc9b jltma-glass-effect-no elementor-widget elementor-widget-text-editor\" data-id=\"189bc9b\" data-element_type=\"widget\" data-e-type=\"widget\" data-widget_type=\"text-editor.default\">\n\t\t\t\t<div class=\"elementor-widget-container\">\n\t\t\t\t\t\t\t\t\t<p>\n            <span style=\"font-weight: 400;\">Alors que de nombreux expatri\u00e9s choisissent de cr\u00e9er une soci\u00e9t\u00e9 ou une autre entit\u00e9 juridique aux EAU pour y r\u00e9aliser des activit\u00e9s commerciales, une telle d\u00e9marche peut \u00e9galement s&rsquo;av\u00e9rer avantageuse d\u2018un point de vue fiscal ou pour planifier une succession. <\/span>\n          <\/p>\n\t\t\t\t\t\t\t\t<\/div>\n\t\t\t\t<\/div>\n\t\t\t\t\t<\/div>\n\t\t<\/div>\n\t\t\t\t<div class=\"elementor-column elementor-col-33 elementor-top-column elementor-element elementor-element-f5c5803 jltma-glass-effect-no\" data-id=\"f5c5803\" data-element_type=\"column\" data-e-type=\"column\">\n\t\t\t<div class=\"elementor-widget-wrap elementor-element-populated\">\n\t\t\t\t\t\t<div class=\"elementor-element elementor-element-f3aeb03 jltma-glass-effect-no elementor-invisible elementor-widget elementor-widget-image\" data-id=\"f3aeb03\" data-element_type=\"widget\" data-e-type=\"widget\" data-settings=\"{&quot;_animation&quot;:&quot;fadeInRight&quot;,&quot;_animation_delay&quot;:0}\" data-widget_type=\"image.default\">\n\t\t\t\t<div class=\"elementor-widget-container\">\n\t\t\t\t\t\t\t\t\t\t\t\t\t\t\t<img fetchpriority=\"high\" decoding=\"async\" width=\"828\" height=\"552\" src=\"https:\/\/property-dubai.com\/wp-content\/uploads\/2022\/03\/visa-application-travel-form-concept_53876-122710-1024x683.webp\" class=\"attachment-large size-large wp-image-24091\" alt=\"\" srcset=\"https:\/\/property-dubai.com\/wp-content\/uploads\/2022\/03\/visa-application-travel-form-concept_53876-122710-1024x683.webp 1024w, https:\/\/property-dubai.com\/wp-content\/uploads\/2022\/03\/visa-application-travel-form-concept_53876-122710-300x200.webp 300w, https:\/\/property-dubai.com\/wp-content\/uploads\/2022\/03\/visa-application-travel-form-concept_53876-122710-768x512.webp 768w, https:\/\/property-dubai.com\/wp-content\/uploads\/2022\/03\/visa-application-travel-form-concept_53876-122710-1536x1025.webp 1536w, https:\/\/property-dubai.com\/wp-content\/uploads\/2022\/03\/visa-application-travel-form-concept_53876-122710-610x407.webp 610w, https:\/\/property-dubai.com\/wp-content\/uploads\/2022\/03\/visa-application-travel-form-concept_53876-122710-150x100.webp 150w, https:\/\/property-dubai.com\/wp-content\/uploads\/2022\/03\/visa-application-travel-form-concept_53876-122710-488x326.webp 488w, https:\/\/property-dubai.com\/wp-content\/uploads\/2022\/03\/visa-application-travel-form-concept_53876-122710.webp 2000w\" sizes=\"(max-width: 828px) 100vw, 828px\" \/>\t\t\t\t\t\t\t\t\t\t\t\t\t\t\t<\/div>\n\t\t\t\t<\/div>\n\t\t\t\t\t<\/div>\n\t\t<\/div>\n\t\t\t\t\t<\/div>\n\t\t<\/section>\n\t\t\t\t<section class=\"elementor-section elementor-top-section elementor-element elementor-element-e129012 elementor-section-boxed elementor-section-height-default elementor-section-height-default jltma-glass-effect-no\" data-id=\"e129012\" data-element_type=\"section\" data-e-type=\"section\" data-settings=\"{&quot;background_background&quot;:&quot;classic&quot;}\">\n\t\t\t\t\t\t<div class=\"elementor-container elementor-column-gap-default\">\n\t\t\t\t\t<div class=\"elementor-column elementor-col-100 elementor-top-column elementor-element elementor-element-8506710 jltma-glass-effect-no\" data-id=\"8506710\" data-element_type=\"column\" data-e-type=\"column\">\n\t\t\t<div class=\"elementor-widget-wrap elementor-element-populated\">\n\t\t\t\t\t\t<div class=\"elementor-element elementor-element-6d2b44c jltma-glass-effect-no elementor-widget elementor-widget-heading\" data-id=\"6d2b44c\" data-element_type=\"widget\" data-e-type=\"widget\" data-widget_type=\"heading.default\">\n\t\t\t\t<div class=\"elementor-widget-container\">\n\t\t\t\t\t<h2 class=\"elementor-heading-title elementor-size-default\">Des conseils interdisciplinaires pour favoriser votre succ\u00e8s<\/h2>\t\t\t\t<\/div>\n\t\t\t\t<\/div>\n\t\t\t\t<section class=\"elementor-section elementor-inner-section elementor-element elementor-element-b7946f2 elementor-section-boxed elementor-section-height-default elementor-section-height-default jltma-glass-effect-no\" data-id=\"b7946f2\" data-element_type=\"section\" data-e-type=\"section\">\n\t\t\t\t\t\t<div class=\"elementor-container elementor-column-gap-default\">\n\t\t\t\t\t<div class=\"elementor-column elementor-col-50 elementor-inner-column elementor-element elementor-element-51a6e55 jltma-glass-effect-no\" data-id=\"51a6e55\" data-element_type=\"column\" data-e-type=\"column\">\n\t\t\t<div class=\"elementor-widget-wrap elementor-element-populated\">\n\t\t\t\t\t\t<div class=\"elementor-element elementor-element-949fbd4 jltma-glass-effect-no elementor-invisible elementor-widget elementor-widget-image\" data-id=\"949fbd4\" data-element_type=\"widget\" data-e-type=\"widget\" data-settings=\"{&quot;_animation&quot;:&quot;fadeInLeft&quot;,&quot;_animation_delay&quot;:0}\" data-widget_type=\"image.default\">\n\t\t\t\t<div class=\"elementor-widget-container\">\n\t\t\t\t\t\t\t\t\t\t\t\t\t\t\t<img decoding=\"async\" width=\"768\" height=\"512\" src=\"https:\/\/property-dubai.com\/wp-content\/uploads\/2022\/03\/explaining-project-points_1098-15436-768x512.webp\" class=\"attachment-medium_large size-medium_large wp-image-24094\" alt=\"\" srcset=\"https:\/\/property-dubai.com\/wp-content\/uploads\/2022\/03\/explaining-project-points_1098-15436-768x512.webp 768w, https:\/\/property-dubai.com\/wp-content\/uploads\/2022\/03\/explaining-project-points_1098-15436-300x200.webp 300w, https:\/\/property-dubai.com\/wp-content\/uploads\/2022\/03\/explaining-project-points_1098-15436-1024x682.webp 1024w, https:\/\/property-dubai.com\/wp-content\/uploads\/2022\/03\/explaining-project-points_1098-15436-1536x1024.webp 1536w, https:\/\/property-dubai.com\/wp-content\/uploads\/2022\/03\/explaining-project-points_1098-15436-610x407.webp 610w, https:\/\/property-dubai.com\/wp-content\/uploads\/2022\/03\/explaining-project-points_1098-15436-150x100.webp 150w, https:\/\/property-dubai.com\/wp-content\/uploads\/2022\/03\/explaining-project-points_1098-15436-488x326.webp 488w, https:\/\/property-dubai.com\/wp-content\/uploads\/2022\/03\/explaining-project-points_1098-15436.webp 2000w\" sizes=\"(max-width: 768px) 100vw, 768px\" \/>\t\t\t\t\t\t\t\t\t\t\t\t\t\t\t<\/div>\n\t\t\t\t<\/div>\n\t\t\t\t\t<\/div>\n\t\t<\/div>\n\t\t\t\t<div class=\"elementor-column elementor-col-50 elementor-inner-column elementor-element elementor-element-b6896ea jltma-glass-effect-no\" data-id=\"b6896ea\" data-element_type=\"column\" data-e-type=\"column\">\n\t\t\t<div class=\"elementor-widget-wrap elementor-element-populated\">\n\t\t\t\t\t\t<div class=\"elementor-element elementor-element-042ac67 jltma-glass-effect-no elementor-widget elementor-widget-text-editor\" data-id=\"042ac67\" data-element_type=\"widget\" data-e-type=\"widget\" data-widget_type=\"text-editor.default\">\n\t\t\t\t<div class=\"elementor-widget-container\">\n\t\t\t\t\t\t\t\t\t<p><span style=\"font-weight: 400;\">Dans tous les cas, il est important de b\u00e9n\u00e9ficier de conseils complets et comp\u00e9tents, tenant compte d&rsquo;un grand nombre de facteurs et de vos objectifs personnels. <\/span><\/p><p><span style=\"font-weight: 400;\">En collaboration avec des conseillers fiscaux et des avocats internationaux de notre r\u00e9seau, nous vous proposons entre autres les services suivants : <\/span><\/p><ul><li><span style=\"font-weight: 400;\">Conseil fiscal et juridique ax\u00e9 sur la r\u00e9partition de patrimoine sur le plan international<\/span><\/li><li><span style=\"font-weight: 400;\">Planification de votre succession, conseil concernant le d\u00e9p\u00f4t de testaments (\u00ab\u00a0Will\u00a0\u00bb) selon le droit des EAU<\/span><\/li><li><span style=\"font-weight: 400;\">Conseil relatif \u00e0 la cr\u00e9ation d\u2018entreprise aux EAU, au choix de la forme juridique et de la juridiction (onshore ou dans diverses zones franches)<\/span><\/li><li><span style=\"font-weight: 400;\">Conseil sur les options de visa appropri\u00e9es (droit de s\u00e9jour permanent aux EAU) et accompagnement pour la proc\u00e9dure d&rsquo;obtention du statut de r\u00e9sident.<\/span><\/li><\/ul>\t\t\t\t\t\t\t\t<\/div>\n\t\t\t\t<\/div>\n\t\t\t\t\t<\/div>\n\t\t<\/div>\n\t\t\t\t\t<\/div>\n\t\t<\/section>\n\t\t\t\t<div class=\"elementor-element elementor-element-5672cc1 jltma-glass-effect-no elementor-widget elementor-widget-text-editor\" data-id=\"5672cc1\" data-element_type=\"widget\" data-e-type=\"widget\" data-widget_type=\"text-editor.default\">\n\t\t\t\t<div class=\"elementor-widget-container\">\n\t\t\t\t\t\t\t\t\t<p>\u00c9conomisez de l&rsquo;argent sur vos transferts internationaux &#8211; nous vous garantissons les meilleures conditions de changes.<\/p><\/p>\n\t\t\t\t\t\t\t\t<\/div>\n\t\t\t\t<\/div>\n\t\t\t\t<div class=\"elementor-element elementor-element-e6ef7cc elementor-align-center jltma-glass-effect-no elementor-widget elementor-widget-button\" data-id=\"e6ef7cc\" data-element_type=\"widget\" data-e-type=\"widget\" data-widget_type=\"button.default\">\n\t\t\t\t<div class=\"elementor-widget-container\">\n\t\t\t\t\t\t\t\t\t<div class=\"elementor-button-wrapper\">\n\t\t\t\t\t<a class=\"elementor-button elementor-button-link elementor-size-lg\" href=\"https:\/\/property-dubai.com\/de\/kontakt\/\">\n\t\t\t\t\t\t<span class=\"elementor-button-content-wrapper\">\n\t\t\t\t\t\t\t\t\t<span class=\"elementor-button-text\">N'h\u00e9sitez pas \u00e0 nous contacter, nous sommes \u00e0 votre disposition !<\/span>\n\t\t\t\t\t<\/span>\n\t\t\t\t\t<\/a>\n\t\t\t\t<\/div>\n\t\t\t\t\t\t\t\t<\/div>\n\t\t\t\t<\/div>\n\t\t\t\t\t<\/div>\n\t\t<\/div>\n\t\t\t\t\t<\/div>\n\t\t<\/section>\n\t\t\t\t<section class=\"elementor-section elementor-top-section elementor-element elementor-element-8967e6f elementor-section-boxed elementor-section-height-default elementor-section-height-default jltma-glass-effect-no\" data-id=\"8967e6f\" data-element_type=\"section\" data-e-type=\"section\">\n\t\t\t\t\t\t<div class=\"elementor-container elementor-column-gap-default\">\n\t\t\t\t\t<div class=\"elementor-column elementor-col-100 elementor-top-column elementor-element elementor-element-cd486af jltma-glass-effect-no\" data-id=\"cd486af\" data-element_type=\"column\" data-e-type=\"column\">\n\t\t\t<div class=\"elementor-widget-wrap\">\n\t\t\t\t\t\t\t<\/div>\n\t\t<\/div>\n\t\t\t\t\t<\/div>\n\t\t<\/section>\n\t\t\t\t<\/div>\n\t\t","protected":false},"excerpt":{"rendered":"<p>Cr\u00e9ation d&rsquo;entreprise \u25cf Conseils juridiques et fiscaux \u25cf Visas Alors que de nombreux expatri\u00e9s choisissent de cr\u00e9er une soci\u00e9t\u00e9 ou une autre entit\u00e9 juridique aux EAU pour y r\u00e9aliser des activit\u00e9s commerciales, une telle d\u00e9marche peut \u00e9galement s&rsquo;av\u00e9rer avantageuse d\u2018un point de vue fiscal ou pour planifier une succession. Des conseils interdisciplinaires pour favoriser votre&#8230;<\/p>\n","protected":false},"author":1,"featured_media":0,"parent":0,"menu_order":0,"comment_status":"closed","ping_status":"closed","template":"","meta":{"_acf_changed":false,"footnotes":""},"class_list":["post-25329","page","type-page","status-publish","hentry"],"acf":[],"_links":{"self":[{"href":"https:\/\/property-dubai.com\/fr\/wp-json\/wp\/v2\/pages\/25329","targetHints":{"allow":["GET"]}}],"collection":[{"href":"https:\/\/property-dubai.com\/fr\/wp-json\/wp\/v2\/pages"}],"about":[{"href":"https:\/\/property-dubai.com\/fr\/wp-json\/wp\/v2\/types\/page"}],"author":[{"embeddable":true,"href":"https:\/\/property-dubai.com\/fr\/wp-json\/wp\/v2\/users\/1"}],"replies":[{"embeddable":true,"href":"https:\/\/property-dubai.com\/fr\/wp-json\/wp\/v2\/comments?post=25329"}],"version-history":[{"count":5,"href":"https:\/\/property-dubai.com\/fr\/wp-json\/wp\/v2\/pages\/25329\/revisions"}],"predecessor-version":[{"id":38605,"href":"https:\/\/property-dubai.com\/fr\/wp-json\/wp\/v2\/pages\/25329\/revisions\/38605"}],"wp:attachment":[{"href":"https:\/\/property-dubai.com\/fr\/wp-json\/wp\/v2\/media?parent=25329"}],"curies":[{"name":"wp","href":"https:\/\/api.w.org\/{rel}","templated":true}]}}